{"id":2,"date":"2025-10-08T15:35:40","date_gmt":"2025-10-08T12:35:40","guid":{"rendered":"https:\/\/akumatik.com.tr\/?page_id=2"},"modified":"2025-11-09T23:15:41","modified_gmt":"2025-11-09T20:15:41","slug":"ornek-sayfa","status":"publish","type":"page","link":"https:\/\/akumatik.com.tr\/?page_id=2","title":{"rendered":"Hakk\u0131m\u0131zda"},"content":{"rendered":"\n<p>Sekt\u00f6rdeki 25 y\u0131ll\u0131k tecr\u00fcbemiz ile hizmetinizdeyiz. Te\u015fekk\u00fcrler.<\/p>\n\n\n\n<div data-wp-context=\"{&quot;notices&quot;:[],&quot;hideNextPreviousButtons&quot;:false,&quot;isDisabledPrevious&quot;:true,&quot;isDisabledNext&quot;:false,&quot;ariaLabelPrevious&quot;:&quot;\\u00d6nceki \\u00fcr\\u00fcnler&quot;,&quot;ariaLabelNext&quot;:&quot;Sonraki \\u00fcr\\u00fcnler&quot;,&quot;collection&quot;:&quot;woocommerce\\\/product-collection\\\/best-sellers&quot;}\" data-wp-init=\"callbacks.onRender\" data-wp-interactive=\"woocommerce\/product-collection\" data-wp-router-region=\"wc-product-collection-0\" data-__private-preview-state=\"{&quot;isPreview&quot;:false,&quot;previewMessage&quot;:&quot;As\\u0131l \\u00fcr\\u00fcnler, g\\u00f6r\\u00fcnt\\u00fclenen sayfaya g\\u00f6re de\\u011fi\\u015fiklik g\\u00f6sterecektir.&quot;}\" data-block-name=\"woocommerce\/product-collection\" data-collection=\"woocommerce\/product-collection\/best-sellers\" data-dimensions=\"{&quot;widthType&quot;:&quot;fill&quot;}\" data-display-layout=\"{&quot;type&quot;:&quot;flex&quot;,&quot;columns&quot;:5,&quot;shrinkColumns&quot;:true}\" data-hide-controls=\"[&quot;inherit&quot;,&quot;order&quot;,&quot;filterable&quot;]\" data-query-context-includes=\"[&quot;collection&quot;]\" data-query-id=\"0\" data-query=\"{&quot;perPage&quot;:5,&quot;pages&quot;:1,&quot;offset&quot;:0,&quot;postType&quot;:&quot;product&quot;,&quot;order&quot;:&quot;desc&quot;,&quot;orderBy&quot;:&quot;popularity&quot;,&quot;search&quot;:&quot;&quot;,&quot;exclude&quot;:[],&quot;inherit&quot;:false,&quot;taxQuery&quot;:[],&quot;isProductCollectionBlock&quot;:true,&quot;featured&quot;:false,&quot;woocommerceOnSale&quot;:false,&quot;woocommerceStockStatus&quot;:[&quot;instock&quot;,&quot;outofstock&quot;,&quot;onbackorder&quot;],&quot;woocommerceAttributes&quot;:[],&quot;woocommerceHandPickedProducts&quot;:[],&quot;filterable&quot;:false,&quot;relatedBy&quot;:{&quot;categories&quot;:true,&quot;tags&quot;:true}}\" data-tag-name=\"div\" class=\"wp-block-woocommerce-product-collection is-layout-flow wp-block-woocommerce-product-collection-is-layout-flow\">\t\t<div data-wp-interactive=\"woocommerce\/store-notices\" class=\"wc-block-components-notices alignwide\">\n\t\t\t<template data-wp-each--notice=\"state.notices\" data-wp-each-key=\"context.notice.id\">\n\t\t\t\t<div\n\t\t\t\t\tclass=\"wc-block-components-notice-banner\"\n\t\t\t\t\tdata-wp-init=\"callbacks.scrollIntoView\"\n\t\t\t\t\tdata-wp-class--is-error=\"state.isError\"\n\t\t\t\t\tdata-wp-class--is-success=\"state.isSuccess\"\n\t\t\t\t\tdata-wp-class--is-info=\"state.isInfo\"\n\t\t\t\t\tdata-wp-class--is-dismissible=\"context.notice.dismissible\"\n\t\t\t\t\tdata-wp-bind--role=\"state.role\"\n\t\t\t\t\tdata-wp-watch=\"callbacks.injectIcon\"\n\t\t\t\t>\n\t\t\t\t\t<div class=\"wc-block-components-notice-banner__content\">\n\t\t\t\t\t\t<span data-wp-init=\"callbacks.renderNoticeContent\" aria-live=\"assertive\" aria-atomic=\"true\"><\/span>\n\t\t\t\t\t<\/div>\n\t\t\t\t\t<button\n\t\t\t\t\t\tdata-wp-bind--hidden=\"!context.notice.dismissible\"\n\t\t\t\t\t\tclass=\"wc-block-components-button wp-element-button wc-block-components-notice-banner__dismiss contained\"\n\t\t\t\t\t\taria-label=\"Bu bildirimi kapat\"\n\t\t\t\t\t\tdata-wp-on--click=\"actions.removeNotice\"\n\t\t\t\t\t>\n\t\t\t\t\t\t<svg xmlns=\"http:\/\/www.w3.org\/2000\/svg\" viewBox=\"0 0 24 24\">\n\t\t\t\t\t\t\t<path d=\"M13 11.8l6.1-6.3-1-1-6.1 6.2-6.1-6.2-1 1 6.1 6.3-6.5 6.7 1 1 6.5-6.6 6.5 6.6 1-1z\" \/>\n\t\t\t\t\t\t<\/svg>\n\t\t\t\t\t<\/button>\n\t\t\t\t<\/div>\n\t\t\t<\/template>\n\t\t<\/div>\n\t\t\n<h2 class=\"wp-block-heading has-text-align-center\" style=\"margin-bottom:1rem\">En \u00e7ok satan \u00fcr\u00fcnler<\/h2>\n\n\n<ul data-block-name=\"woocommerce\/product-template\" class=\"wc-block-product-template__responsive columns-5 wc-block-product-template wp-block-woocommerce-product-template is-layout-flow wp-block-woocommerce-product-template-is-layout-flow\" data-wp-on--scroll=\"actions.watchScroll\" data-wp-init=\"callbacks.initResizeObserver\"><li class=\"wc-block-product post-154 product type-product status-publish has-post-thumbnail product_brand-erdil product_cat-start-stop-akuleri-efb first instock shipping-taxable product-type-simple\"\n\t\t\t\t\t\n\t\t\t\tdata-wp-interactive=\"woocommerce\/product-collection\"\n\t\t\t\tdata-wp-context='{\"productId\":154}'\n\t\t\t\tdata-wp-key=\"product-item-154\"\n\t\t\t\n\t\t\t\t>\n\t\t\t\t\t\n<div data-block-name=\"woocommerce\/product-image\" data-image-sizing=\"thumbnail\" data-is-descendent-of-query-loop=\"true\" data-show-sale-badge=\"false\" class=\"wc-block-components-product-image wc-block-grid__product-image wc-block-components-product-image--aspect-ratio-auto wp-block-woocommerce-product-image\"><a href=\"https:\/\/akumatik.com.tr\/?product=erdil-aku-12v-72ah-efb-start-stop-sag\" style=\"\" data-wp-on--click=\"woocommerce\/product-collection::actions.viewProduct\"><img decoding=\"async\" width=\"450\" height=\"450\" src=\"https:\/\/akumatik.com.tr\/wp-content\/uploads\/2025\/10\/logo_erdil-450x450.png\" class=\"attachment-woocommerce_thumbnail size-woocommerce_thumbnail\" alt=\"Erdil Ak\u00fc\" data-testid=\"product-image\" data-image-id=\"182\" style=\"object-fit:cover;\" loading=\"lazy\" srcset=\"https:\/\/akumatik.com.tr\/wp-content\/uploads\/2025\/10\/logo_erdil-450x450.png 450w, https:\/\/akumatik.com.tr\/wp-content\/uploads\/2025\/10\/logo_erdil-150x150.png 150w, https:\/\/akumatik.com.tr\/wp-content\/uploads\/2025\/10\/logo_erdil-100x100.png 100w\" sizes=\"auto, (max-width: 450px) 100vw, 450px\" \/><div class=\"wc-block-components-product-image__inner-container\">\n\n<\/div><\/a><\/div>\n\n<h2 style=\"line-height:1.4; margin-bottom:0.75rem;margin-top:0;\" class=\"has-text-align-center wp-block-post-title has-medium-font-size\"><a data-wp-on--click=\"woocommerce\/product-collection::actions.viewProduct\" href=\"https:\/\/akumatik.com.tr\/?product=erdil-aku-12v-72ah-efb-start-stop-sag\" target=\"_self\" >Erdil Ak\u00fc 12V 72Ah EFB Start-Stop Sa\u011f (+)<\/a><\/h2>\n\n<div data-block-name=\"woocommerce\/product-price\" data-font-size=\"small\" data-is-descendent-of-query-loop=\"true\" data-text-align=\"center\" class=\"has-font-size has-small-font-size has-text-align-center wp-block-woocommerce-product-price has-small-font-size\" ><div class=\"wc-block-components-product-price wc-block-grid__product-price\" >\n\t\t\t\t\t\n\t\t\t\t<\/div><\/div>\n\n<div data-block-name=\"woocommerce\/product-button\" data-font-size=\"small\" data-is-descendent-of-query-loop=\"true\" data-text-align=\"center\" class=\"wp-block-button wc-block-components-product-button   align-center wp-block-woocommerce-product-button has-small-font-size\"\n\t\t\t\t\t\n\t\t\t\t\tdata-wp-context='{\"quantityToAdd\":1,\"productId\":154,\"productType\":\"simple\",\"addToCartText\":\"Devam\\u0131n\\u0131 oku\",\"tempQuantity\":0,\"animationStatus\":\"IDLE\",\"inTheCartText\":\"### sepette\",\"noticeId\":\"\",\"hasPressedButton\":false}'\n\t\t\t\t>\n\t\t\t\t\t<a\n\t\t\t\t\t\tclass=\"wp-block-button__link wp-element-button wc-block-components-product-button__button product_type_simple has-font-size has-small-font-size has-text-align-center wc-interactive\"\n\t\t\t\t\t\tstyle=\"\"\n\t\t\t\t\t\thref=\"https:\/\/akumatik.com.tr\/?product=erdil-aku-12v-72ah-efb-start-stop-sag\" rel=\"nofollow\" data-product_id=\"154\" data-product_sku=\"ERDIL-EFB-SS-12V72AH-R\" aria-label=\"&ldquo;Erdil Ak\u00fc 12V 72Ah EFB Start-Stop Sa\u011f (+)&rdquo; hakk\u0131nda daha fazla bilgi edinin\"\n\t\t\t\t\t\tdata-wp-on--click=\"woocommerce\/product-collection::actions.viewProduct\"\n\t\t\t\t\t>\n\t\t\t\t\t<span >Devam\u0131n\u0131 oku<\/span>\n\t\t\t\t\t<\/a>\n\t\t\t\t\t\n\t\t\t\t<\/div>\n\n\t\t\t\t<\/li><li class=\"wc-block-product post-153 product type-product status-publish has-post-thumbnail product_brand-erdil product_cat-start-stop-akuleri-efb  instock shipping-taxable product-type-simple\"\n\t\t\t\t\t\n\t\t\t\tdata-wp-interactive=\"woocommerce\/product-collection\"\n\t\t\t\tdata-wp-context='{\"productId\":153}'\n\t\t\t\tdata-wp-key=\"product-item-153\"\n\t\t\t\n\t\t\t\t>\n\t\t\t\t\t\n<div data-block-name=\"woocommerce\/product-image\" data-image-sizing=\"thumbnail\" data-is-descendent-of-query-loop=\"true\" data-show-sale-badge=\"false\" class=\"wc-block-components-product-image wc-block-grid__product-image wc-block-components-product-image--aspect-ratio-auto wp-block-woocommerce-product-image\"><a href=\"https:\/\/akumatik.com.tr\/?product=erdil-aku-12v-60ah-efb-start-stop-sag\" style=\"\" data-wp-on--click=\"woocommerce\/product-collection::actions.viewProduct\"><img decoding=\"async\" width=\"450\" height=\"450\" src=\"https:\/\/akumatik.com.tr\/wp-content\/uploads\/2025\/10\/EFB-OTOMOTIV-70AH-L3-SMF-450x450.jpg\" class=\"attachment-woocommerce_thumbnail size-woocommerce_thumbnail\" alt=\"152 04 070 01\" data-testid=\"product-image\" data-image-id=\"195\" style=\"object-fit:cover;\" loading=\"lazy\" srcset=\"https:\/\/akumatik.com.tr\/wp-content\/uploads\/2025\/10\/EFB-OTOMOTIV-70AH-L3-SMF-450x450.jpg 450w, https:\/\/akumatik.com.tr\/wp-content\/uploads\/2025\/10\/EFB-OTOMOTIV-70AH-L3-SMF-150x150.jpg 150w, https:\/\/akumatik.com.tr\/wp-content\/uploads\/2025\/10\/EFB-OTOMOTIV-70AH-L3-SMF-100x100.jpg 100w\" sizes=\"auto, (max-width: 450px) 100vw, 450px\" \/><div class=\"wc-block-components-product-image__inner-container\">\n\n<\/div><\/a><\/div>\n\n<h2 style=\"line-height:1.4; margin-bottom:0.75rem;margin-top:0;\" class=\"has-text-align-center wp-block-post-title has-medium-font-size\"><a data-wp-on--click=\"woocommerce\/product-collection::actions.viewProduct\" href=\"https:\/\/akumatik.com.tr\/?product=erdil-aku-12v-60ah-efb-start-stop-sag\" target=\"_self\" >Erdil Ak\u00fc 12V 70Ah EFB Start-Stop 152 04 070 01<\/a><\/h2>\n\n<div data-block-name=\"woocommerce\/product-price\" data-font-size=\"small\" data-is-descendent-of-query-loop=\"true\" data-text-align=\"center\" class=\"has-font-size has-small-font-size has-text-align-center wp-block-woocommerce-product-price has-small-font-size\" ><div class=\"wc-block-components-product-price wc-block-grid__product-price\" >\n\t\t\t\t\t\n\t\t\t\t<\/div><\/div>\n\n<div data-block-name=\"woocommerce\/product-button\" data-font-size=\"small\" data-is-descendent-of-query-loop=\"true\" data-text-align=\"center\" class=\"wp-block-button wc-block-components-product-button   align-center wp-block-woocommerce-product-button has-small-font-size\"\n\t\t\t\t\t\n\t\t\t\t\tdata-wp-context='{\"quantityToAdd\":1,\"productId\":153,\"productType\":\"simple\",\"addToCartText\":\"Devam\\u0131n\\u0131 oku\",\"tempQuantity\":0,\"animationStatus\":\"IDLE\",\"inTheCartText\":\"### sepette\",\"noticeId\":\"\",\"hasPressedButton\":false}'\n\t\t\t\t>\n\t\t\t\t\t<a\n\t\t\t\t\t\tclass=\"wp-block-button__link wp-element-button wc-block-components-product-button__button product_type_simple has-font-size has-small-font-size has-text-align-center wc-interactive\"\n\t\t\t\t\t\tstyle=\"\"\n\t\t\t\t\t\thref=\"https:\/\/akumatik.com.tr\/?product=erdil-aku-12v-60ah-efb-start-stop-sag\" rel=\"nofollow\" data-product_id=\"153\" data-product_sku=\"ERDIL-EFB-12V70AH\" aria-label=\"&ldquo;Erdil Ak\u00fc 12V 70Ah EFB Start-Stop 152 04 070 01&rdquo; hakk\u0131nda daha fazla bilgi edinin\"\n\t\t\t\t\t\tdata-wp-on--click=\"woocommerce\/product-collection::actions.viewProduct\"\n\t\t\t\t\t>\n\t\t\t\t\t<span >Devam\u0131n\u0131 oku<\/span>\n\t\t\t\t\t<\/a>\n\t\t\t\t\t\n\t\t\t\t<\/div>\n\n\t\t\t\t<\/li><li class=\"wc-block-product post-152 product type-product status-publish has-post-thumbnail product_brand-erdil product_cat-start-stop-akuleri-efb last instock shipping-taxable product-type-simple\"\n\t\t\t\t\t\n\t\t\t\tdata-wp-interactive=\"woocommerce\/product-collection\"\n\t\t\t\tdata-wp-context='{\"productId\":152}'\n\t\t\t\tdata-wp-key=\"product-item-152\"\n\t\t\t\n\t\t\t\t>\n\t\t\t\t\t\n<div data-block-name=\"woocommerce\/product-image\" data-image-sizing=\"thumbnail\" data-is-descendent-of-query-loop=\"true\" data-show-sale-badge=\"false\" class=\"wc-block-components-product-image wc-block-grid__product-image wc-block-components-product-image--aspect-ratio-auto wp-block-woocommerce-product-image\"><a href=\"https:\/\/akumatik.com.tr\/?product=erdil-aku-12v-90ah-standart-seri-sag\" style=\"\" data-wp-on--click=\"woocommerce\/product-collection::actions.viewProduct\"><img decoding=\"async\" width=\"450\" height=\"450\" src=\"https:\/\/akumatik.com.tr\/wp-content\/uploads\/2025\/10\/EFB-OTOMOTIV-60AH-L2-SMF-450x450.jpg\" class=\"attachment-woocommerce_thumbnail size-woocommerce_thumbnail\" alt=\"152 04 060 01\" data-testid=\"product-image\" data-image-id=\"193\" style=\"object-fit:cover;\" loading=\"lazy\" srcset=\"https:\/\/akumatik.com.tr\/wp-content\/uploads\/2025\/10\/EFB-OTOMOTIV-60AH-L2-SMF-450x450.jpg 450w, https:\/\/akumatik.com.tr\/wp-content\/uploads\/2025\/10\/EFB-OTOMOTIV-60AH-L2-SMF-150x150.jpg 150w, https:\/\/akumatik.com.tr\/wp-content\/uploads\/2025\/10\/EFB-OTOMOTIV-60AH-L2-SMF-100x100.jpg 100w\" sizes=\"auto, (max-width: 450px) 100vw, 450px\" \/><div class=\"wc-block-components-product-image__inner-container\">\n\n<\/div><\/a><\/div>\n\n<h2 style=\"line-height:1.4; margin-bottom:0.75rem;margin-top:0;\" class=\"has-text-align-center wp-block-post-title has-medium-font-size\"><a data-wp-on--click=\"woocommerce\/product-collection::actions.viewProduct\" href=\"https:\/\/akumatik.com.tr\/?product=erdil-aku-12v-90ah-standart-seri-sag\" target=\"_self\" >Erdil Ak\u00fc 12V 60Ah EFB 152 04 060 01<\/a><\/h2>\n\n<div data-block-name=\"woocommerce\/product-price\" data-font-size=\"small\" data-is-descendent-of-query-loop=\"true\" data-text-align=\"center\" class=\"has-font-size has-small-font-size has-text-align-center wp-block-woocommerce-product-price has-small-font-size\" ><div class=\"wc-block-components-product-price wc-block-grid__product-price\" >\n\t\t\t\t\t\n\t\t\t\t<\/div><\/div>\n\n<div data-block-name=\"woocommerce\/product-button\" data-font-size=\"small\" data-is-descendent-of-query-loop=\"true\" data-text-align=\"center\" class=\"wp-block-button wc-block-components-product-button   align-center wp-block-woocommerce-product-button has-small-font-size\"\n\t\t\t\t\t\n\t\t\t\t\tdata-wp-context='{\"quantityToAdd\":1,\"productId\":152,\"productType\":\"simple\",\"addToCartText\":\"Devam\\u0131n\\u0131 oku\",\"tempQuantity\":0,\"animationStatus\":\"IDLE\",\"inTheCartText\":\"### sepette\",\"noticeId\":\"\",\"hasPressedButton\":false}'\n\t\t\t\t>\n\t\t\t\t\t<a\n\t\t\t\t\t\tclass=\"wp-block-button__link wp-element-button wc-block-components-product-button__button product_type_simple has-font-size has-small-font-size has-text-align-center wc-interactive\"\n\t\t\t\t\t\tstyle=\"\"\n\t\t\t\t\t\thref=\"https:\/\/akumatik.com.tr\/?product=erdil-aku-12v-90ah-standart-seri-sag\" rel=\"nofollow\" data-product_id=\"152\" data-product_sku=\"ERDIL-STD-12V90AH-R\" aria-label=\"&ldquo;Erdil Ak\u00fc 12V 60Ah EFB 152 04 060 01&rdquo; hakk\u0131nda daha fazla bilgi edinin\"\n\t\t\t\t\t\tdata-wp-on--click=\"woocommerce\/product-collection::actions.viewProduct\"\n\t\t\t\t\t>\n\t\t\t\t\t<span >Devam\u0131n\u0131 oku<\/span>\n\t\t\t\t\t<\/a>\n\t\t\t\t\t\n\t\t\t\t<\/div>\n\n\t\t\t\t<\/li><li class=\"wc-block-product post-151 product type-product status-publish has-post-thumbnail product_brand-erdil product_cat-start-stop-akuleri-agm first instock shipping-taxable product-type-simple\"\n\t\t\t\t\t\n\t\t\t\tdata-wp-interactive=\"woocommerce\/product-collection\"\n\t\t\t\tdata-wp-context='{\"productId\":151}'\n\t\t\t\tdata-wp-key=\"product-item-151\"\n\t\t\t\n\t\t\t\t>\n\t\t\t\t\t\n<div data-block-name=\"woocommerce\/product-image\" data-image-sizing=\"thumbnail\" data-is-descendent-of-query-loop=\"true\" data-show-sale-badge=\"false\" class=\"wc-block-components-product-image wc-block-grid__product-image wc-block-components-product-image--aspect-ratio-auto wp-block-woocommerce-product-image\"><a href=\"https:\/\/akumatik.com.tr\/?product=erdil-aku-12v-75ah-standart-seri-sag\" style=\"\" data-wp-on--click=\"woocommerce\/product-collection::actions.viewProduct\"><img decoding=\"async\" width=\"450\" height=\"450\" src=\"https:\/\/akumatik.com.tr\/wp-content\/uploads\/2025\/10\/agm-otomotiv-95ah-l5-vrla-1-450x450.jpg\" class=\"attachment-woocommerce_thumbnail size-woocommerce_thumbnail\" alt=\"152 06 095 01\" data-testid=\"product-image\" data-image-id=\"191\" style=\"object-fit:cover;\" loading=\"lazy\" srcset=\"https:\/\/akumatik.com.tr\/wp-content\/uploads\/2025\/10\/agm-otomotiv-95ah-l5-vrla-1-450x450.jpg 450w, https:\/\/akumatik.com.tr\/wp-content\/uploads\/2025\/10\/agm-otomotiv-95ah-l5-vrla-1-150x150.jpg 150w, https:\/\/akumatik.com.tr\/wp-content\/uploads\/2025\/10\/agm-otomotiv-95ah-l5-vrla-1-100x100.jpg 100w\" sizes=\"auto, (max-width: 450px) 100vw, 450px\" \/><div class=\"wc-block-components-product-image__inner-container\">\n\n<\/div><\/a><\/div>\n\n<h2 style=\"line-height:1.4; margin-bottom:0.75rem;margin-top:0;\" class=\"has-text-align-center wp-block-post-title has-medium-font-size\"><a data-wp-on--click=\"woocommerce\/product-collection::actions.viewProduct\" href=\"https:\/\/akumatik.com.tr\/?product=erdil-aku-12v-75ah-standart-seri-sag\" target=\"_self\" >Erdil Ak\u00fc 12V 95Ah AGM 152 06 095 01<\/a><\/h2>\n\n<div data-block-name=\"woocommerce\/product-price\" data-font-size=\"small\" data-is-descendent-of-query-loop=\"true\" data-text-align=\"center\" class=\"has-font-size has-small-font-size has-text-align-center wp-block-woocommerce-product-price has-small-font-size\" ><div class=\"wc-block-components-product-price wc-block-grid__product-price\" >\n\t\t\t\t\t\n\t\t\t\t<\/div><\/div>\n\n<div data-block-name=\"woocommerce\/product-button\" data-font-size=\"small\" data-is-descendent-of-query-loop=\"true\" data-text-align=\"center\" class=\"wp-block-button wc-block-components-product-button   align-center wp-block-woocommerce-product-button has-small-font-size\"\n\t\t\t\t\t\n\t\t\t\t\tdata-wp-context='{\"quantityToAdd\":1,\"productId\":151,\"productType\":\"simple\",\"addToCartText\":\"Devam\\u0131n\\u0131 oku\",\"tempQuantity\":0,\"animationStatus\":\"IDLE\",\"inTheCartText\":\"### sepette\",\"noticeId\":\"\",\"hasPressedButton\":false}'\n\t\t\t\t>\n\t\t\t\t\t<a\n\t\t\t\t\t\tclass=\"wp-block-button__link wp-element-button wc-block-components-product-button__button product_type_simple has-font-size has-small-font-size has-text-align-center wc-interactive\"\n\t\t\t\t\t\tstyle=\"\"\n\t\t\t\t\t\thref=\"https:\/\/akumatik.com.tr\/?product=erdil-aku-12v-75ah-standart-seri-sag\" rel=\"nofollow\" data-product_id=\"151\" data-product_sku=\"ERDIL-STD-12V75AH-R\" aria-label=\"&ldquo;Erdil Ak\u00fc 12V 95Ah AGM 152 06 095 01&rdquo; hakk\u0131nda daha fazla bilgi edinin\"\n\t\t\t\t\t\tdata-wp-on--click=\"woocommerce\/product-collection::actions.viewProduct\"\n\t\t\t\t\t>\n\t\t\t\t\t<span >Devam\u0131n\u0131 oku<\/span>\n\t\t\t\t\t<\/a>\n\t\t\t\t\t\n\t\t\t\t<\/div>\n\n\t\t\t\t<\/li><li class=\"wc-block-product post-150 product type-product status-publish has-post-thumbnail product_brand-erdil product_cat-start-stop-akuleri-agm  instock shipping-taxable product-type-simple\"\n\t\t\t\t\t\n\t\t\t\tdata-wp-interactive=\"woocommerce\/product-collection\"\n\t\t\t\tdata-wp-context='{\"productId\":150}'\n\t\t\t\tdata-wp-key=\"product-item-150\"\n\t\t\t\n\t\t\t\t>\n\t\t\t\t\t\n<div data-block-name=\"woocommerce\/product-image\" data-image-sizing=\"thumbnail\" data-is-descendent-of-query-loop=\"true\" data-show-sale-badge=\"false\" class=\"wc-block-components-product-image wc-block-grid__product-image wc-block-components-product-image--aspect-ratio-auto wp-block-woocommerce-product-image\"><a href=\"https:\/\/akumatik.com.tr\/?product=erdil-aku-12v-72ah-standart-seri-sag\" style=\"\" data-wp-on--click=\"woocommerce\/product-collection::actions.viewProduct\"><img decoding=\"async\" width=\"450\" height=\"450\" src=\"https:\/\/akumatik.com.tr\/wp-content\/uploads\/2025\/10\/agm-otomotiv-80ah-l4-vrla-1-450x450.jpg\" class=\"attachment-woocommerce_thumbnail size-woocommerce_thumbnail\" alt=\"152 06 080 01\" data-testid=\"product-image\" data-image-id=\"189\" style=\"object-fit:cover;\" loading=\"lazy\" srcset=\"https:\/\/akumatik.com.tr\/wp-content\/uploads\/2025\/10\/agm-otomotiv-80ah-l4-vrla-1-450x450.jpg 450w, https:\/\/akumatik.com.tr\/wp-content\/uploads\/2025\/10\/agm-otomotiv-80ah-l4-vrla-1-150x150.jpg 150w, https:\/\/akumatik.com.tr\/wp-content\/uploads\/2025\/10\/agm-otomotiv-80ah-l4-vrla-1-100x100.jpg 100w\" sizes=\"auto, (max-width: 450px) 100vw, 450px\" \/><div class=\"wc-block-components-product-image__inner-container\">\n\n<\/div><\/a><\/div>\n\n<h2 style=\"line-height:1.4; margin-bottom:0.75rem;margin-top:0;\" class=\"has-text-align-center wp-block-post-title has-medium-font-size\"><a data-wp-on--click=\"woocommerce\/product-collection::actions.viewProduct\" href=\"https:\/\/akumatik.com.tr\/?product=erdil-aku-12v-72ah-standart-seri-sag\" target=\"_self\" >Erdil Ak\u00fc 12V 80Ah AGM 152 06 080 01<\/a><\/h2>\n\n<div data-block-name=\"woocommerce\/product-price\" data-font-size=\"small\" data-is-descendent-of-query-loop=\"true\" data-text-align=\"center\" class=\"has-font-size has-small-font-size has-text-align-center wp-block-woocommerce-product-price has-small-font-size\" ><div class=\"wc-block-components-product-price wc-block-grid__product-price\" >\n\t\t\t\t\t\n\t\t\t\t<\/div><\/div>\n\n<div data-block-name=\"woocommerce\/product-button\" data-font-size=\"small\" data-is-descendent-of-query-loop=\"true\" data-text-align=\"center\" class=\"wp-block-button wc-block-components-product-button   align-center wp-block-woocommerce-product-button has-small-font-size\"\n\t\t\t\t\t\n\t\t\t\t\tdata-wp-context='{\"quantityToAdd\":1,\"productId\":150,\"productType\":\"simple\",\"addToCartText\":\"Devam\\u0131n\\u0131 oku\",\"tempQuantity\":0,\"animationStatus\":\"IDLE\",\"inTheCartText\":\"### sepette\",\"noticeId\":\"\",\"hasPressedButton\":false}'\n\t\t\t\t>\n\t\t\t\t\t<a\n\t\t\t\t\t\tclass=\"wp-block-button__link wp-element-button wc-block-components-product-button__button product_type_simple has-font-size has-small-font-size has-text-align-center wc-interactive\"\n\t\t\t\t\t\tstyle=\"\"\n\t\t\t\t\t\thref=\"https:\/\/akumatik.com.tr\/?product=erdil-aku-12v-72ah-standart-seri-sag\" rel=\"nofollow\" data-product_id=\"150\" data-product_sku=\"ERDIL-STD-12V72AH-R\" aria-label=\"&ldquo;Erdil Ak\u00fc 12V 80Ah AGM 152 06 080 01&rdquo; hakk\u0131nda daha fazla bilgi edinin\"\n\t\t\t\t\t\tdata-wp-on--click=\"woocommerce\/product-collection::actions.viewProduct\"\n\t\t\t\t\t>\n\t\t\t\t\t<span >Devam\u0131n\u0131 oku<\/span>\n\t\t\t\t\t<\/a>\n\t\t\t\t\t\n\t\t\t\t<\/div>\n\n\t\t\t\t<\/li><\/ul><\/div>\n","protected":false},"excerpt":{"rendered":"<p>Sekt\u00f6rdeki 25 y\u0131ll\u0131k tecr\u00fcbemiz ile hizmetinizdeyiz. Te\u015fekk\u00fcrler.<\/p>\n","protected":false},"author":1,"featured_media":0,"parent":0,"menu_order":0,"comment_status":"closed","ping_status":"open","template":"","meta":{"footnotes":""},"class_list":["post-2","page","type-page","status-publish","hentry"],"jetpack_sharing_enabled":true,"_links":{"self":[{"href":"https:\/\/akumatik.com.tr\/index.php?rest_route=\/wp\/v2\/pages\/2","targetHints":{"allow":["GET"]}}],"collection":[{"href":"https:\/\/akumatik.com.tr\/index.php?rest_route=\/wp\/v2\/pages"}],"about":[{"href":"https:\/\/akumatik.com.tr\/index.php?rest_route=\/wp\/v2\/types\/page"}],"author":[{"embeddable":true,"href":"https:\/\/akumatik.com.tr\/index.php?rest_route=\/wp\/v2\/users\/1"}],"replies":[{"embeddable":true,"href":"https:\/\/akumatik.com.tr\/index.php?rest_route=%2Fwp%2Fv2%2Fcomments&post=2"}],"version-history":[{"count":2,"href":"https:\/\/akumatik.com.tr\/index.php?rest_route=\/wp\/v2\/pages\/2\/revisions"}],"predecessor-version":[{"id":381,"href":"https:\/\/akumatik.com.tr\/index.php?rest_route=\/wp\/v2\/pages\/2\/revisions\/381"}],"wp:attachment":[{"href":"https:\/\/akumatik.com.tr\/index.php?rest_route=%2Fwp%2Fv2%2Fmedia&parent=2"}],"curies":[{"name":"wp","href":"https:\/\/api.w.org\/{rel}","templated":true}]}}