{"id":104,"date":"2025-10-17T15:43:02","date_gmt":"2025-10-17T12:43:02","guid":{"rendered":"https:\/\/akumatik.com.tr\/?product=inci-aku-12v-60ah-formul-a-taurulus-sag"},"modified":"2025-11-09T20:40:49","modified_gmt":"2025-11-09T17:40:49","slug":"inci-aku-12v-60ah-formul-a-taurulus-sag","status":"publish","type":"product","link":"https:\/\/akumatik.com.tr\/?product=inci-aku-12v-60ah-formul-a-taurulus-sag","title":{"rendered":"\u0130nci Ak\u00fc 12V 60Ah Formul A Taurus Sa\u011f (+)"},"content":{"rendered":"<p>Patentli kalsiyum (Ca-Ca) ala\u015f\u0131ml\u0131 \u0131zgara teknolojisi ile uzun \u00f6m\u00fcr ve g\u00fcvenilir mar\u015f g\u00fcc\u00fc sunar. Bak\u0131m gerektirmez.<\/p>\n","protected":false},"excerpt":{"rendered":"<p>En yayg\u0131n binek ara\u00e7lar i\u00e7in Formul A. Sa\u011f (+) kutup.<\/p>\n","protected":false},"featured_media":335,"comment_status":"open","ping_status":"closed","template":"","meta":[],"product_brand":[],"product_cat":[95],"product_tag":[],"class_list":{"0":"post-104","1":"product","2":"type-product","3":"status-publish","4":"has-post-thumbnail","6":"product_cat-formul-a-serisi","8":"first","9":"instock","10":"shipping-taxable","11":"product-type-simple"},"jetpack_sharing_enabled":true,"_links":{"self":[{"href":"https:\/\/akumatik.com.tr\/index.php?rest_route=\/wp\/v2\/product\/104","targetHints":{"allow":["GET"]}}],"collection":[{"href":"https:\/\/akumatik.com.tr\/index.php?rest_route=\/wp\/v2\/product"}],"about":[{"href":"https:\/\/akumatik.com.tr\/index.php?rest_route=\/wp\/v2\/types\/product"}],"replies":[{"embeddable":true,"href":"https:\/\/akumatik.com.tr\/index.php?rest_route=%2Fwp%2Fv2%2Fcomments&post=104"}],"wp:featuredmedia":[{"embeddable":true,"href":"https:\/\/akumatik.com.tr\/index.php?rest_route=\/wp\/v2\/media\/335"}],"wp:attachment":[{"href":"https:\/\/akumatik.com.tr\/index.php?rest_route=%2Fwp%2Fv2%2Fmedia&parent=104"}],"wp:term":[{"taxonomy":"product_brand","embeddable":true,"href":"https:\/\/akumatik.com.tr\/index.php?rest_route=%2Fwp%2Fv2%2Fproduct_brand&post=104"},{"taxonomy":"product_cat","embeddable":true,"href":"https:\/\/akumatik.com.tr\/index.php?rest_route=%2Fwp%2Fv2%2Fproduct_cat&post=104"},{"taxonomy":"product_tag","embeddable":true,"href":"https:\/\/akumatik.com.tr\/index.php?rest_route=%2Fwp%2Fv2%2Fproduct_tag&post=104"}],"curies":[{"name":"wp","href":"https:\/\/api.w.org\/{rel}","templated":true}]}}