{"id":105,"date":"2025-10-17T15:44:19","date_gmt":"2025-10-17T12:44:19","guid":{"rendered":"https:\/\/akumatik.com.tr\/?product=inci-aku-12v-60ah-formul-a-taurulus-sol-ters-kutup"},"modified":"2025-11-09T20:29:25","modified_gmt":"2025-11-09T17:29:25","slug":"inci-aku-12v-60ah-formul-a-taurulus-sol-ters-kutup","status":"publish","type":"product","link":"https:\/\/akumatik.com.tr\/?product=inci-aku-12v-60ah-formul-a-taurulus-sol-ters-kutup","title":{"rendered":"\u0130nci Ak\u00fc 12V 60Ah Formul A Taurulus Sol (+) (Ters Kutup)"},"content":{"rendered":"<p>Ters kutup (Sol +) ba\u011flant\u0131s\u0131na sahip, bak\u0131m gerektirmeyen, uzun \u00f6m\u00fcrl\u00fc Formul A Taurulus serisi ak\u00fc.<\/p>\n","protected":false},"excerpt":{"rendered":"<p>Ters kutup ba\u011flant\u0131l\u0131 ara\u00e7lar i\u00e7in Formul A. Sol (+) kutup.<\/p>\n","protected":false},"featured_media":335,"comment_status":"open","ping_status":"closed","template":"","meta":[],"product_brand":[172],"product_cat":[95],"product_tag":[],"class_list":{"0":"post-105","1":"product","2":"type-product","3":"status-publish","4":"has-post-thumbnail","6":"product_brand-inci","7":"product_cat-formul-a-serisi","9":"first","10":"instock","11":"shipping-taxable","12":"product-type-simple"},"jetpack_sharing_enabled":true,"_links":{"self":[{"href":"https:\/\/akumatik.com.tr\/index.php?rest_route=\/wp\/v2\/product\/105","targetHints":{"allow":["GET"]}}],"collection":[{"href":"https:\/\/akumatik.com.tr\/index.php?rest_route=\/wp\/v2\/product"}],"about":[{"href":"https:\/\/akumatik.com.tr\/index.php?rest_route=\/wp\/v2\/types\/product"}],"replies":[{"embeddable":true,"href":"https:\/\/akumatik.com.tr\/index.php?rest_route=%2Fwp%2Fv2%2Fcomments&post=105"}],"wp:featuredmedia":[{"embeddable":true,"href":"https:\/\/akumatik.com.tr\/index.php?rest_route=\/wp\/v2\/media\/335"}],"wp:attachment":[{"href":"https:\/\/akumatik.com.tr\/index.php?rest_route=%2Fwp%2Fv2%2Fmedia&parent=105"}],"wp:term":[{"taxonomy":"product_brand","embeddable":true,"href":"https:\/\/akumatik.com.tr\/index.php?rest_route=%2Fwp%2Fv2%2Fproduct_brand&post=105"},{"taxonomy":"product_cat","embeddable":true,"href":"https:\/\/akumatik.com.tr\/index.php?rest_route=%2Fwp%2Fv2%2Fproduct_cat&post=105"},{"taxonomy":"product_tag","embeddable":true,"href":"https:\/\/akumatik.com.tr\/index.php?rest_route=%2Fwp%2Fv2%2Fproduct_tag&post=105"}],"curies":[{"name":"wp","href":"https:\/\/api.w.org\/{rel}","templated":true}]}}