{"id":107,"date":"2025-10-17T15:45:50","date_gmt":"2025-10-17T12:45:50","guid":{"rendered":"https:\/\/akumatik.com.tr\/?product=inci-aku-12v-90ah-formul-a-taurulus-sag"},"modified":"2025-11-09T17:26:46","modified_gmt":"2025-11-09T14:26:46","slug":"inci-aku-12v-90ah-formul-a-taurulus-sag","status":"publish","type":"product","link":"https:\/\/akumatik.com.tr\/?product=inci-aku-12v-90ah-formul-a-taurulus-sag","title":{"rendered":"\u0130nci Ak\u00fc 12V 90Ah Formul A Taurulus Sa\u011f (+)"},"content":{"rendered":"<p>Hafif ticari ve panelvan tipi ara\u00e7lar i\u00e7in g\u00fcvenilir mar\u015f g\u00fcc\u00fc ve uzun \u00f6m\u00fcr sunan Formul A serisi.<\/p>\n","protected":false},"excerpt":{"rendered":"<p>Hafif ticari ara\u00e7lar i\u00e7in Formul A serisi. Sa\u011f (+) kutup.<\/p>\n","protected":false},"featured_media":328,"comment_status":"open","ping_status":"closed","template":"","meta":[],"product_brand":[172],"product_cat":[95],"product_tag":[],"class_list":{"0":"post-107","1":"product","2":"type-product","3":"status-publish","4":"has-post-thumbnail","6":"product_brand-inci","7":"product_cat-formul-a-serisi","9":"first","10":"instock","11":"shipping-taxable","12":"product-type-simple"},"jetpack_sharing_enabled":true,"_links":{"self":[{"href":"https:\/\/akumatik.com.tr\/index.php?rest_route=\/wp\/v2\/product\/107","targetHints":{"allow":["GET"]}}],"collection":[{"href":"https:\/\/akumatik.com.tr\/index.php?rest_route=\/wp\/v2\/product"}],"about":[{"href":"https:\/\/akumatik.com.tr\/index.php?rest_route=\/wp\/v2\/types\/product"}],"replies":[{"embeddable":true,"href":"https:\/\/akumatik.com.tr\/index.php?rest_route=%2Fwp%2Fv2%2Fcomments&post=107"}],"wp:featuredmedia":[{"embeddable":true,"href":"https:\/\/akumatik.com.tr\/index.php?rest_route=\/wp\/v2\/media\/328"}],"wp:attachment":[{"href":"https:\/\/akumatik.com.tr\/index.php?rest_route=%2Fwp%2Fv2%2Fmedia&parent=107"}],"wp:term":[{"taxonomy":"product_brand","embeddable":true,"href":"https:\/\/akumatik.com.tr\/index.php?rest_route=%2Fwp%2Fv2%2Fproduct_brand&post=107"},{"taxonomy":"product_cat","embeddable":true,"href":"https:\/\/akumatik.com.tr\/index.php?rest_route=%2Fwp%2Fv2%2Fproduct_cat&post=107"},{"taxonomy":"product_tag","embeddable":true,"href":"https:\/\/akumatik.com.tr\/index.php?rest_route=%2Fwp%2Fv2%2Fproduct_tag&post=107"}],"curies":[{"name":"wp","href":"https:\/\/api.w.org\/{rel}","templated":true}]}}