{"id":109,"date":"2025-10-17T15:47:31","date_gmt":"2025-10-17T12:47:31","guid":{"rendered":"https:\/\/akumatik.com.tr\/?product=inci-aku-12v-88ah-maxim-a-gorilla-sag"},"modified":"2025-11-09T17:15:44","modified_gmt":"2025-11-09T14:15:44","slug":"inci-aku-12v-88ah-maxim-a-gorilla-sag","status":"publish","type":"product","link":"https:\/\/akumatik.com.tr\/?product=inci-aku-12v-88ah-maxim-a-gorilla-sag","title":{"rendered":"\u0130nci Ak\u00fc 12V 88Ah Maxim A Gorilla Sa\u011f (+)"},"content":{"rendered":"<p>En zorlu ko\u015fullarda bile arac\u0131n\u0131z\u0131n y\u00fcksek enerji ihtiyac\u0131n\u0131 kar\u015f\u0131layan \u00fcst\u00fcn performansl\u0131 Maxim A serisi.<\/p>\n","protected":false},"excerpt":{"rendered":"<p>\u00dcst segment ara\u00e7lar i\u00e7in Maxim A Gorilla. Sa\u011f (+) kutup.<\/p>\n","protected":false},"featured_media":373,"comment_status":"open","ping_status":"closed","template":"","meta":[],"product_brand":[172],"product_cat":[96],"product_tag":[],"class_list":{"0":"post-109","1":"product","2":"type-product","3":"status-publish","4":"has-post-thumbnail","6":"product_brand-inci","7":"product_cat-maxim-a-serisi","9":"first","10":"instock","11":"shipping-taxable","12":"product-type-simple"},"jetpack_sharing_enabled":true,"_links":{"self":[{"href":"https:\/\/akumatik.com.tr\/index.php?rest_route=\/wp\/v2\/product\/109","targetHints":{"allow":["GET"]}}],"collection":[{"href":"https:\/\/akumatik.com.tr\/index.php?rest_route=\/wp\/v2\/product"}],"about":[{"href":"https:\/\/akumatik.com.tr\/index.php?rest_route=\/wp\/v2\/types\/product"}],"replies":[{"embeddable":true,"href":"https:\/\/akumatik.com.tr\/index.php?rest_route=%2Fwp%2Fv2%2Fcomments&post=109"}],"wp:featuredmedia":[{"embeddable":true,"href":"https:\/\/akumatik.com.tr\/index.php?rest_route=\/wp\/v2\/media\/373"}],"wp:attachment":[{"href":"https:\/\/akumatik.com.tr\/index.php?rest_route=%2Fwp%2Fv2%2Fmedia&parent=109"}],"wp:term":[{"taxonomy":"product_brand","embeddable":true,"href":"https:\/\/akumatik.com.tr\/index.php?rest_route=%2Fwp%2Fv2%2Fproduct_brand&post=109"},{"taxonomy":"product_cat","embeddable":true,"href":"https:\/\/akumatik.com.tr\/index.php?rest_route=%2Fwp%2Fv2%2Fproduct_cat&post=109"},{"taxonomy":"product_tag","embeddable":true,"href":"https:\/\/akumatik.com.tr\/index.php?rest_route=%2Fwp%2Fv2%2Fproduct_tag&post=109"}],"curies":[{"name":"wp","href":"https:\/\/api.w.org\/{rel}","templated":true}]}}