{"id":111,"date":"2025-10-17T15:49:18","date_gmt":"2025-10-17T12:49:18","guid":{"rendered":"https:\/\/akumatik.com.tr\/?product=inci-aku-12v-60ah-efb-maxtrema-start-stop-sag"},"modified":"2025-11-09T16:34:48","modified_gmt":"2025-11-09T13:34:48","slug":"inci-aku-12v-60ah-efb-maxtrema-start-stop-sag","status":"publish","type":"product","link":"https:\/\/akumatik.com.tr\/?product=inci-aku-12v-60ah-efb-maxtrema-start-stop-sag","title":{"rendered":"\u0130nci Ak\u00fc 12V 60Ah EFB MAXTREMA Start-Stop Sa\u011f (+)"},"content":{"rendered":"<p>Geli\u015ftirilmi\u015f EFB teknolojisi, Start-Stop sistemlerinin gerektirdi\u011fi y\u00fcksek \u00e7evrim \u00f6mr\u00fcn\u00fc ve \u015farj kabul\u00fcn\u00fc sa\u011flar.<\/p>\n","protected":false},"excerpt":{"rendered":"<p>Start-Stop teknolojili ara\u00e7lar i\u00e7in EFB MAXTREMA. Sa\u011f (+) kutup.<\/p>\n","protected":false},"featured_media":335,"comment_status":"open","ping_status":"closed","template":"","meta":[],"product_brand":[172],"product_cat":[97],"product_tag":[],"class_list":{"0":"post-111","1":"product","2":"type-product","3":"status-publish","4":"has-post-thumbnail","6":"product_brand-inci","7":"product_cat-start-stop-akuleri-agm","9":"first","10":"instock","11":"shipping-taxable","12":"product-type-simple"},"jetpack_sharing_enabled":true,"_links":{"self":[{"href":"https:\/\/akumatik.com.tr\/index.php?rest_route=\/wp\/v2\/product\/111","targetHints":{"allow":["GET"]}}],"collection":[{"href":"https:\/\/akumatik.com.tr\/index.php?rest_route=\/wp\/v2\/product"}],"about":[{"href":"https:\/\/akumatik.com.tr\/index.php?rest_route=\/wp\/v2\/types\/product"}],"replies":[{"embeddable":true,"href":"https:\/\/akumatik.com.tr\/index.php?rest_route=%2Fwp%2Fv2%2Fcomments&post=111"}],"wp:featuredmedia":[{"embeddable":true,"href":"https:\/\/akumatik.com.tr\/index.php?rest_route=\/wp\/v2\/media\/335"}],"wp:attachment":[{"href":"https:\/\/akumatik.com.tr\/index.php?rest_route=%2Fwp%2Fv2%2Fmedia&parent=111"}],"wp:term":[{"taxonomy":"product_brand","embeddable":true,"href":"https:\/\/akumatik.com.tr\/index.php?rest_route=%2Fwp%2Fv2%2Fproduct_brand&post=111"},{"taxonomy":"product_cat","embeddable":true,"href":"https:\/\/akumatik.com.tr\/index.php?rest_route=%2Fwp%2Fv2%2Fproduct_cat&post=111"},{"taxonomy":"product_tag","embeddable":true,"href":"https:\/\/akumatik.com.tr\/index.php?rest_route=%2Fwp%2Fv2%2Fproduct_tag&post=111"}],"curies":[{"name":"wp","href":"https:\/\/api.w.org\/{rel}","templated":true}]}}