{"id":117,"date":"2025-10-17T15:53:40","date_gmt":"2025-10-17T12:53:40","guid":{"rendered":"https:\/\/akumatik.com.tr\/?product=inci-aku-12v-95ah-agm-start-stop-sag"},"modified":"2025-11-09T15:31:19","modified_gmt":"2025-11-09T12:31:19","slug":"inci-aku-12v-95ah-agm-start-stop-sag","status":"publish","type":"product","link":"https:\/\/akumatik.com.tr\/?product=inci-aku-12v-95ah-agm-start-stop-sag","title":{"rendered":"\u0130nci Ak\u00fc 12V 95Ah AGM Start-Stop Sa\u011f (+)"},"content":{"rendered":"<p>Maksimum enerji ihtiyac\u0131 olan l\u00fcks ve rejeneratif frenlemeli ara\u00e7lar i\u00e7in tasarlanm\u0131\u015f, en y\u00fcksek performansl\u0131 VRLA AGM ak\u00fc.<\/p>\n","protected":false},"excerpt":{"rendered":"<p>En \u00fcst segment Start-Stop ara\u00e7lar i\u00e7in AGM teknolojisi. Sa\u011f (+) kutup.<\/p>\n","protected":false},"featured_media":369,"comment_status":"open","ping_status":"closed","template":"","meta":[],"product_brand":[172],"product_cat":[97],"product_tag":[],"class_list":{"0":"post-117","1":"product","2":"type-product","3":"status-publish","4":"has-post-thumbnail","6":"product_brand-inci","7":"product_cat-start-stop-akuleri-agm","9":"first","10":"instock","11":"shipping-taxable","12":"product-type-simple"},"jetpack_sharing_enabled":true,"_links":{"self":[{"href":"https:\/\/akumatik.com.tr\/index.php?rest_route=\/wp\/v2\/product\/117","targetHints":{"allow":["GET"]}}],"collection":[{"href":"https:\/\/akumatik.com.tr\/index.php?rest_route=\/wp\/v2\/product"}],"about":[{"href":"https:\/\/akumatik.com.tr\/index.php?rest_route=\/wp\/v2\/types\/product"}],"replies":[{"embeddable":true,"href":"https:\/\/akumatik.com.tr\/index.php?rest_route=%2Fwp%2Fv2%2Fcomments&post=117"}],"wp:featuredmedia":[{"embeddable":true,"href":"https:\/\/akumatik.com.tr\/index.php?rest_route=\/wp\/v2\/media\/369"}],"wp:attachment":[{"href":"https:\/\/akumatik.com.tr\/index.php?rest_route=%2Fwp%2Fv2%2Fmedia&parent=117"}],"wp:term":[{"taxonomy":"product_brand","embeddable":true,"href":"https:\/\/akumatik.com.tr\/index.php?rest_route=%2Fwp%2Fv2%2Fproduct_brand&post=117"},{"taxonomy":"product_cat","embeddable":true,"href":"https:\/\/akumatik.com.tr\/index.php?rest_route=%2Fwp%2Fv2%2Fproduct_cat&post=117"},{"taxonomy":"product_tag","embeddable":true,"href":"https:\/\/akumatik.com.tr\/index.php?rest_route=%2Fwp%2Fv2%2Fproduct_tag&post=117"}],"curies":[{"name":"wp","href":"https:\/\/api.w.org\/{rel}","templated":true}]}}