{"id":119,"date":"2025-10-17T15:55:41","date_gmt":"2025-10-17T12:55:41","guid":{"rendered":"https:\/\/akumatik.com.tr\/?product=inci-aku-12v-70ah-supr-a-sentor-jis-sag"},"modified":"2025-11-09T14:43:17","modified_gmt":"2025-11-09T11:43:17","slug":"inci-aku-12v-70ah-supr-a-sentor-jis-sag","status":"publish","type":"product","link":"https:\/\/akumatik.com.tr\/?product=inci-aku-12v-70ah-supr-a-sentor-jis-sag","title":{"rendered":"\u0130nci Ak\u00fc 12V 70Ah Supr A Sentor (JIS) Sa\u011f (+)"},"content":{"rendered":"<p>Asya grubu ara\u00e7lar\u0131n orijinal ekipman (OE) standartlar\u0131na tam uyumlu, y\u00fcksek performansl\u0131 ak\u00fc.<\/p>\n","protected":false},"excerpt":{"rendered":"<p>Asya men\u015feli SUV ve sedanlar i\u00e7in Supr A. Standart kutup, Sa\u011f (+) ak\u00fc.<\/p>\n","protected":false},"featured_media":367,"comment_status":"open","ping_status":"closed","template":"","meta":[],"product_brand":[172],"product_cat":[26],"product_tag":[],"class_list":{"0":"post-119","1":"product","2":"type-product","3":"status-publish","4":"has-post-thumbnail","6":"product_brand-inci","7":"product_cat-asya-tipi-jis-akuler","9":"first","10":"instock","11":"shipping-taxable","12":"product-type-simple"},"jetpack_sharing_enabled":true,"_links":{"self":[{"href":"https:\/\/akumatik.com.tr\/index.php?rest_route=\/wp\/v2\/product\/119","targetHints":{"allow":["GET"]}}],"collection":[{"href":"https:\/\/akumatik.com.tr\/index.php?rest_route=\/wp\/v2\/product"}],"about":[{"href":"https:\/\/akumatik.com.tr\/index.php?rest_route=\/wp\/v2\/types\/product"}],"replies":[{"embeddable":true,"href":"https:\/\/akumatik.com.tr\/index.php?rest_route=%2Fwp%2Fv2%2Fcomments&post=119"}],"wp:featuredmedia":[{"embeddable":true,"href":"https:\/\/akumatik.com.tr\/index.php?rest_route=\/wp\/v2\/media\/367"}],"wp:attachment":[{"href":"https:\/\/akumatik.com.tr\/index.php?rest_route=%2Fwp%2Fv2%2Fmedia&parent=119"}],"wp:term":[{"taxonomy":"product_brand","embeddable":true,"href":"https:\/\/akumatik.com.tr\/index.php?rest_route=%2Fwp%2Fv2%2Fproduct_brand&post=119"},{"taxonomy":"product_cat","embeddable":true,"href":"https:\/\/akumatik.com.tr\/index.php?rest_route=%2Fwp%2Fv2%2Fproduct_cat&post=119"},{"taxonomy":"product_tag","embeddable":true,"href":"https:\/\/akumatik.com.tr\/index.php?rest_route=%2Fwp%2Fv2%2Fproduct_tag&post=119"}],"curies":[{"name":"wp","href":"https:\/\/api.w.org\/{rel}","templated":true}]}}