{"id":120,"date":"2025-10-17T15:56:36","date_gmt":"2025-10-17T12:56:36","guid":{"rendered":"https:\/\/akumatik.com.tr\/?product=inci-aku-12v-105ah-maxim-a-gorilla-agir-vasita"},"modified":"2025-11-08T13:21:13","modified_gmt":"2025-11-08T10:21:13","slug":"inci-aku-12v-105ah-maxim-a-gorilla-agir-vasita","status":"publish","type":"product","link":"https:\/\/akumatik.com.tr\/?product=inci-aku-12v-105ah-maxim-a-gorilla-agir-vasita","title":{"rendered":"\u0130nci Ak\u00fc 12V 105Ah Maxim A Gorilla A\u011f\u0131r Vas\u0131ta"},"content":{"rendered":"<p>A\u011f\u0131r hizmet ko\u015fullar\u0131 ve sars\u0131nt\u0131ya kar\u015f\u0131 g\u00fc\u00e7lendirilmi\u015f i\u00e7 tasar\u0131ma sahiptir.<\/p>\n","protected":false},"excerpt":{"rendered":"<p>Kamyonet ve k\u00fc\u00e7\u00fck kamyonlar i\u00e7in Maxim A Gorilla HD.<\/p>\n","protected":false},"featured_media":311,"comment_status":"open","ping_status":"closed","template":"","meta":[],"product_brand":[172],"product_cat":[28],"product_tag":[],"class_list":{"0":"post-120","1":"product","2":"type-product","3":"status-publish","4":"has-post-thumbnail","6":"product_brand-inci","7":"product_cat-agir-vasita-akuleri","9":"first","10":"instock","11":"shipping-taxable","12":"product-type-simple"},"jetpack_sharing_enabled":true,"_links":{"self":[{"href":"https:\/\/akumatik.com.tr\/index.php?rest_route=\/wp\/v2\/product\/120","targetHints":{"allow":["GET"]}}],"collection":[{"href":"https:\/\/akumatik.com.tr\/index.php?rest_route=\/wp\/v2\/product"}],"about":[{"href":"https:\/\/akumatik.com.tr\/index.php?rest_route=\/wp\/v2\/types\/product"}],"replies":[{"embeddable":true,"href":"https:\/\/akumatik.com.tr\/index.php?rest_route=%2Fwp%2Fv2%2Fcomments&post=120"}],"wp:featuredmedia":[{"embeddable":true,"href":"https:\/\/akumatik.com.tr\/index.php?rest_route=\/wp\/v2\/media\/311"}],"wp:attachment":[{"href":"https:\/\/akumatik.com.tr\/index.php?rest_route=%2Fwp%2Fv2%2Fmedia&parent=120"}],"wp:term":[{"taxonomy":"product_brand","embeddable":true,"href":"https:\/\/akumatik.com.tr\/index.php?rest_route=%2Fwp%2Fv2%2Fproduct_brand&post=120"},{"taxonomy":"product_cat","embeddable":true,"href":"https:\/\/akumatik.com.tr\/index.php?rest_route=%2Fwp%2Fv2%2Fproduct_cat&post=120"},{"taxonomy":"product_tag","embeddable":true,"href":"https:\/\/akumatik.com.tr\/index.php?rest_route=%2Fwp%2Fv2%2Fproduct_tag&post=120"}],"curies":[{"name":"wp","href":"https:\/\/api.w.org\/{rel}","templated":true}]}}