{"id":121,"date":"2025-10-17T15:57:30","date_gmt":"2025-10-17T12:57:30","guid":{"rendered":"https:\/\/akumatik.com.tr\/?product=inci-aku-12v-135ah-maxim-a-gorilla-agir-vasita"},"modified":"2025-11-08T22:47:30","modified_gmt":"2025-11-08T19:47:30","slug":"inci-aku-12v-135ah-maxim-a-gorilla-agir-vasita","status":"publish","type":"product","link":"https:\/\/akumatik.com.tr\/?product=inci-aku-12v-135ah-maxim-a-gorilla-agir-vasita","title":{"rendered":"\u0130nci Ak\u00fc 12V 135Ah Maxim A Gorilla A\u011f\u0131r Vas\u0131ta"},"content":{"rendered":"<p>A\u011f\u0131r hizmet ko\u015fullar\u0131 ve sars\u0131nt\u0131ya kar\u015f\u0131 g\u00fc\u00e7lendirilmi\u015f i\u00e7 tasar\u0131ma sahiptir. Zorlu yol ve iklim \u015fartlar\u0131nda g\u00fcvenilir mar\u015f g\u00fcc\u00fc sa\u011flar.<\/p>\n","protected":false},"excerpt":{"rendered":"<p>Kamyon, otob\u00fcs ve t\u0131r gibi a\u011f\u0131r vas\u0131ta ara\u00e7lar i\u00e7in Maxim A Gorilla HD.<\/p>\n","protected":false},"featured_media":355,"comment_status":"open","ping_status":"closed","template":"","meta":[],"product_brand":[172],"product_cat":[28],"product_tag":[],"class_list":{"0":"post-121","1":"product","2":"type-product","3":"status-publish","4":"has-post-thumbnail","6":"product_brand-inci","7":"product_cat-agir-vasita-akuleri","9":"first","10":"instock","11":"shipping-taxable","12":"product-type-simple"},"jetpack_sharing_enabled":true,"_links":{"self":[{"href":"https:\/\/akumatik.com.tr\/index.php?rest_route=\/wp\/v2\/product\/121","targetHints":{"allow":["GET"]}}],"collection":[{"href":"https:\/\/akumatik.com.tr\/index.php?rest_route=\/wp\/v2\/product"}],"about":[{"href":"https:\/\/akumatik.com.tr\/index.php?rest_route=\/wp\/v2\/types\/product"}],"replies":[{"embeddable":true,"href":"https:\/\/akumatik.com.tr\/index.php?rest_route=%2Fwp%2Fv2%2Fcomments&post=121"}],"wp:featuredmedia":[{"embeddable":true,"href":"https:\/\/akumatik.com.tr\/index.php?rest_route=\/wp\/v2\/media\/355"}],"wp:attachment":[{"href":"https:\/\/akumatik.com.tr\/index.php?rest_route=%2Fwp%2Fv2%2Fmedia&parent=121"}],"wp:term":[{"taxonomy":"product_brand","embeddable":true,"href":"https:\/\/akumatik.com.tr\/index.php?rest_route=%2Fwp%2Fv2%2Fproduct_brand&post=121"},{"taxonomy":"product_cat","embeddable":true,"href":"https:\/\/akumatik.com.tr\/index.php?rest_route=%2Fwp%2Fv2%2Fproduct_cat&post=121"},{"taxonomy":"product_tag","embeddable":true,"href":"https:\/\/akumatik.com.tr\/index.php?rest_route=%2Fwp%2Fv2%2Fproduct_tag&post=121"}],"curies":[{"name":"wp","href":"https:\/\/api.w.org\/{rel}","templated":true}]}}