{"id":122,"date":"2025-10-17T15:58:24","date_gmt":"2025-10-17T12:58:24","guid":{"rendered":"https:\/\/akumatik.com.tr\/?product=inci-aku-12v-150ah-supr-a-sentor-agir-vasita"},"modified":"2025-11-09T14:27:27","modified_gmt":"2025-11-09T11:27:27","slug":"inci-aku-12v-150ah-supr-a-sentor-agir-vasita","status":"publish","type":"product","link":"https:\/\/akumatik.com.tr\/?product=inci-aku-12v-150ah-supr-a-sentor-agir-vasita","title":{"rendered":"\u0130nci Ak\u00fc 12V 150Ah Supr A Sentor A\u011f\u0131r Vas\u0131ta"},"content":{"rendered":"<p>A\u011f\u0131r hizmet (HD) standartlar\u0131nda, zorlu \u00e7al\u0131\u015fma ko\u015fullar\u0131 ve titre\u015fim i\u00e7in tasarlanm\u0131\u015ft\u0131r.<\/p>\n","protected":false},"excerpt":{"rendered":"<p>B\u00fcy\u00fck kamyonlar ve otob\u00fcsler i\u00e7in Supr A Sentor HD.<\/p>\n","protected":false},"featured_media":366,"comment_status":"open","ping_status":"closed","template":"","meta":[],"product_brand":[172],"product_cat":[28],"product_tag":[],"class_list":{"0":"post-122","1":"product","2":"type-product","3":"status-publish","4":"has-post-thumbnail","6":"product_brand-inci","7":"product_cat-agir-vasita-akuleri","9":"first","10":"instock","11":"shipping-taxable","12":"product-type-simple"},"jetpack_sharing_enabled":true,"_links":{"self":[{"href":"https:\/\/akumatik.com.tr\/index.php?rest_route=\/wp\/v2\/product\/122","targetHints":{"allow":["GET"]}}],"collection":[{"href":"https:\/\/akumatik.com.tr\/index.php?rest_route=\/wp\/v2\/product"}],"about":[{"href":"https:\/\/akumatik.com.tr\/index.php?rest_route=\/wp\/v2\/types\/product"}],"replies":[{"embeddable":true,"href":"https:\/\/akumatik.com.tr\/index.php?rest_route=%2Fwp%2Fv2%2Fcomments&post=122"}],"wp:featuredmedia":[{"embeddable":true,"href":"https:\/\/akumatik.com.tr\/index.php?rest_route=\/wp\/v2\/media\/366"}],"wp:attachment":[{"href":"https:\/\/akumatik.com.tr\/index.php?rest_route=%2Fwp%2Fv2%2Fmedia&parent=122"}],"wp:term":[{"taxonomy":"product_brand","embeddable":true,"href":"https:\/\/akumatik.com.tr\/index.php?rest_route=%2Fwp%2Fv2%2Fproduct_brand&post=122"},{"taxonomy":"product_cat","embeddable":true,"href":"https:\/\/akumatik.com.tr\/index.php?rest_route=%2Fwp%2Fv2%2Fproduct_cat&post=122"},{"taxonomy":"product_tag","embeddable":true,"href":"https:\/\/akumatik.com.tr\/index.php?rest_route=%2Fwp%2Fv2%2Fproduct_tag&post=122"}],"curies":[{"name":"wp","href":"https:\/\/api.w.org\/{rel}","templated":true}]}}