{"id":124,"date":"2025-10-17T16:00:26","date_gmt":"2025-10-17T13:00:26","guid":{"rendered":"https:\/\/akumatik.com.tr\/?product=inci-aku-12v-225ah-supr-a-sentor-super-agir-vasita"},"modified":"2025-11-09T13:59:05","modified_gmt":"2025-11-09T10:59:05","slug":"inci-aku-12v-225ah-supr-a-sentor-super-agir-vasita","status":"publish","type":"product","link":"https:\/\/akumatik.com.tr\/?product=inci-aku-12v-225ah-supr-a-sentor-super-agir-vasita","title":{"rendered":"\u0130nci Ak\u00fc 12V 225Ah Supr A Sentor S\u00fcper A\u011f\u0131r Vas\u0131ta"},"content":{"rendered":"<p>S\u00fcper A\u011f\u0131r Hizmet (SHD) standartlar\u0131nda, en zorlu \u00e7al\u0131\u015fma ko\u015fullar\u0131 ve maksimum titre\u015fim i\u00e7in tasarlanm\u0131\u015ft\u0131r.<\/p>\n","protected":false},"excerpt":{"rendered":"<p>En b\u00fcy\u00fck i\u015f makineleri ve t\u0131rlar i\u00e7in Supr A Sentor SHD.<\/p>\n","protected":false},"featured_media":362,"comment_status":"open","ping_status":"closed","template":"","meta":[],"product_brand":[172],"product_cat":[28],"product_tag":[],"class_list":{"0":"post-124","1":"product","2":"type-product","3":"status-publish","4":"has-post-thumbnail","6":"product_brand-inci","7":"product_cat-agir-vasita-akuleri","9":"first","10":"instock","11":"shipping-taxable","12":"product-type-simple"},"jetpack_sharing_enabled":true,"_links":{"self":[{"href":"https:\/\/akumatik.com.tr\/index.php?rest_route=\/wp\/v2\/product\/124","targetHints":{"allow":["GET"]}}],"collection":[{"href":"https:\/\/akumatik.com.tr\/index.php?rest_route=\/wp\/v2\/product"}],"about":[{"href":"https:\/\/akumatik.com.tr\/index.php?rest_route=\/wp\/v2\/types\/product"}],"replies":[{"embeddable":true,"href":"https:\/\/akumatik.com.tr\/index.php?rest_route=%2Fwp%2Fv2%2Fcomments&post=124"}],"wp:featuredmedia":[{"embeddable":true,"href":"https:\/\/akumatik.com.tr\/index.php?rest_route=\/wp\/v2\/media\/362"}],"wp:attachment":[{"href":"https:\/\/akumatik.com.tr\/index.php?rest_route=%2Fwp%2Fv2%2Fmedia&parent=124"}],"wp:term":[{"taxonomy":"product_brand","embeddable":true,"href":"https:\/\/akumatik.com.tr\/index.php?rest_route=%2Fwp%2Fv2%2Fproduct_brand&post=124"},{"taxonomy":"product_cat","embeddable":true,"href":"https:\/\/akumatik.com.tr\/index.php?rest_route=%2Fwp%2Fv2%2Fproduct_cat&post=124"},{"taxonomy":"product_tag","embeddable":true,"href":"https:\/\/akumatik.com.tr\/index.php?rest_route=%2Fwp%2Fv2%2Fproduct_tag&post=124"}],"curies":[{"name":"wp","href":"https:\/\/api.w.org\/{rel}","templated":true}]}}