{"id":127,"date":"2025-10-17T16:20:41","date_gmt":"2025-10-17T13:20:41","guid":{"rendered":"https:\/\/akumatik.com.tr\/?product=varta-12v-60ah-blue-dynamic-sag"},"modified":"2025-11-09T14:01:07","modified_gmt":"2025-11-09T11:01:07","slug":"varta-12v-60ah-blue-dynamic-sag","status":"publish","type":"product","link":"https:\/\/akumatik.com.tr\/?product=varta-12v-60ah-blue-dynamic-sag","title":{"rendered":"Varta 12V 60Ah Blue Dynamic Sa\u011f (+)"},"content":{"rendered":"<p>Varta&#8217;n\u0131n en \u00e7ok satan Blue Dynamic serisi, PowerFrame\u00ae \u0131zgara teknolojisi sayesinde g\u00fcvenilir mar\u015f g\u00fcc\u00fc ve uzun \u00f6m\u00fcr sunar. T\u00fcm standart donan\u0131ml\u0131 ara\u00e7lar i\u00e7in idealdir.<\/p>\n","protected":false},"excerpt":{"rendered":"<p>En yayg\u0131n binek ara\u00e7lar i\u00e7in Blue Dynamic serisi. Sa\u011f (+) kutup.<\/p>\n","protected":false},"featured_media":310,"comment_status":"open","ping_status":"closed","template":"","meta":[],"product_brand":[170],"product_cat":[125],"product_tag":[],"class_list":{"0":"post-127","1":"product","2":"type-product","3":"status-publish","4":"has-post-thumbnail","6":"product_brand-varta","7":"product_cat-blue-dynamic-serisi","9":"first","10":"instock","11":"shipping-taxable","12":"product-type-simple"},"jetpack_sharing_enabled":true,"_links":{"self":[{"href":"https:\/\/akumatik.com.tr\/index.php?rest_route=\/wp\/v2\/product\/127","targetHints":{"allow":["GET"]}}],"collection":[{"href":"https:\/\/akumatik.com.tr\/index.php?rest_route=\/wp\/v2\/product"}],"about":[{"href":"https:\/\/akumatik.com.tr\/index.php?rest_route=\/wp\/v2\/types\/product"}],"replies":[{"embeddable":true,"href":"https:\/\/akumatik.com.tr\/index.php?rest_route=%2Fwp%2Fv2%2Fcomments&post=127"}],"wp:featuredmedia":[{"embeddable":true,"href":"https:\/\/akumatik.com.tr\/index.php?rest_route=\/wp\/v2\/media\/310"}],"wp:attachment":[{"href":"https:\/\/akumatik.com.tr\/index.php?rest_route=%2Fwp%2Fv2%2Fmedia&parent=127"}],"wp:term":[{"taxonomy":"product_brand","embeddable":true,"href":"https:\/\/akumatik.com.tr\/index.php?rest_route=%2Fwp%2Fv2%2Fproduct_brand&post=127"},{"taxonomy":"product_cat","embeddable":true,"href":"https:\/\/akumatik.com.tr\/index.php?rest_route=%2Fwp%2Fv2%2Fproduct_cat&post=127"},{"taxonomy":"product_tag","embeddable":true,"href":"https:\/\/akumatik.com.tr\/index.php?rest_route=%2Fwp%2Fv2%2Fproduct_tag&post=127"}],"curies":[{"name":"wp","href":"https:\/\/api.w.org\/{rel}","templated":true}]}}