{"id":130,"date":"2025-10-17T16:23:33","date_gmt":"2025-10-17T13:23:33","guid":{"rendered":"https:\/\/akumatik.com.tr\/?product=varta-12v-77ah-silver-dynamic-sag"},"modified":"2025-11-08T23:11:19","modified_gmt":"2025-11-08T20:11:19","slug":"varta-12v-77ah-silver-dynamic-sag","status":"publish","type":"product","link":"https:\/\/akumatik.com.tr\/?product=varta-12v-77ah-silver-dynamic-sag","title":{"rendered":"Varta 12V 77Ah Silver Dynamic Sa\u011f (+)"},"content":{"rendered":"<p>Standart donan\u0131ml\u0131 ara\u00e7lar i\u00e7in en \u00fcst d\u00fczey mar\u015f g\u00fcc\u00fc ve performans. PowerFrame\u00ae \u0131zgara teknolojisi ile en zorlu ko\u015fullarda bile g\u00fcvenilirdir.<\/p>\n","protected":false},"excerpt":{"rendered":"<p>Y\u00fcksek performansl\u0131, premium ara\u00e7lar i\u00e7in Silver Dynamic. Sa\u011f (+) kutup.<\/p>\n","protected":false},"featured_media":296,"comment_status":"open","ping_status":"closed","template":"","meta":[],"product_brand":[170],"product_cat":[126],"product_tag":[],"class_list":{"0":"post-130","1":"product","2":"type-product","3":"status-publish","4":"has-post-thumbnail","6":"product_brand-varta","7":"product_cat-silver-dynamic-serisi","9":"first","10":"instock","11":"shipping-taxable","12":"product-type-simple"},"jetpack_sharing_enabled":true,"_links":{"self":[{"href":"https:\/\/akumatik.com.tr\/index.php?rest_route=\/wp\/v2\/product\/130","targetHints":{"allow":["GET"]}}],"collection":[{"href":"https:\/\/akumatik.com.tr\/index.php?rest_route=\/wp\/v2\/product"}],"about":[{"href":"https:\/\/akumatik.com.tr\/index.php?rest_route=\/wp\/v2\/types\/product"}],"replies":[{"embeddable":true,"href":"https:\/\/akumatik.com.tr\/index.php?rest_route=%2Fwp%2Fv2%2Fcomments&post=130"}],"wp:featuredmedia":[{"embeddable":true,"href":"https:\/\/akumatik.com.tr\/index.php?rest_route=\/wp\/v2\/media\/296"}],"wp:attachment":[{"href":"https:\/\/akumatik.com.tr\/index.php?rest_route=%2Fwp%2Fv2%2Fmedia&parent=130"}],"wp:term":[{"taxonomy":"product_brand","embeddable":true,"href":"https:\/\/akumatik.com.tr\/index.php?rest_route=%2Fwp%2Fv2%2Fproduct_brand&post=130"},{"taxonomy":"product_cat","embeddable":true,"href":"https:\/\/akumatik.com.tr\/index.php?rest_route=%2Fwp%2Fv2%2Fproduct_cat&post=130"},{"taxonomy":"product_tag","embeddable":true,"href":"https:\/\/akumatik.com.tr\/index.php?rest_route=%2Fwp%2Fv2%2Fproduct_tag&post=130"}],"curies":[{"name":"wp","href":"https:\/\/api.w.org\/{rel}","templated":true}]}}