{"id":132,"date":"2025-10-17T16:25:28","date_gmt":"2025-10-17T13:25:28","guid":{"rendered":"https:\/\/akumatik.com.tr\/?product=varta-12v-60ah-efb-start-stop-sag"},"modified":"2025-11-08T22:55:00","modified_gmt":"2025-11-08T19:55:00","slug":"varta-12v-60ah-efb-start-stop-sag","status":"publish","type":"product","link":"https:\/\/akumatik.com.tr\/?product=varta-12v-60ah-efb-start-stop-sag","title":{"rendered":"Varta 12V 60Ah EFB Start-Stop Sa\u011f (+)"},"content":{"rendered":"<p>Geli\u015ftirilmi\u015f EFB (Enhanced Flooded Battery) teknolojisi, standart ak\u00fclere g\u00f6re iki kat daha fazla \u00e7evrim \u00f6mr\u00fc sunar. Start-Stop sistemlerinin gereksinimleri i\u00e7in idealdir.<\/p>\n","protected":false},"excerpt":{"rendered":"<p>Standart Start-Stop sistemli ara\u00e7lar i\u00e7in EFB teknolojisi. Sa\u011f (+) kutup.<\/p>\n","protected":false},"featured_media":297,"comment_status":"open","ping_status":"closed","template":"","meta":[],"product_brand":[170],"product_cat":[97],"product_tag":[],"class_list":{"0":"post-132","1":"product","2":"type-product","3":"status-publish","4":"has-post-thumbnail","6":"product_brand-varta","7":"product_cat-start-stop-akuleri-agm","9":"first","10":"instock","11":"shipping-taxable","12":"product-type-simple"},"jetpack_sharing_enabled":true,"_links":{"self":[{"href":"https:\/\/akumatik.com.tr\/index.php?rest_route=\/wp\/v2\/product\/132","targetHints":{"allow":["GET"]}}],"collection":[{"href":"https:\/\/akumatik.com.tr\/index.php?rest_route=\/wp\/v2\/product"}],"about":[{"href":"https:\/\/akumatik.com.tr\/index.php?rest_route=\/wp\/v2\/types\/product"}],"replies":[{"embeddable":true,"href":"https:\/\/akumatik.com.tr\/index.php?rest_route=%2Fwp%2Fv2%2Fcomments&post=132"}],"wp:featuredmedia":[{"embeddable":true,"href":"https:\/\/akumatik.com.tr\/index.php?rest_route=\/wp\/v2\/media\/297"}],"wp:attachment":[{"href":"https:\/\/akumatik.com.tr\/index.php?rest_route=%2Fwp%2Fv2%2Fmedia&parent=132"}],"wp:term":[{"taxonomy":"product_brand","embeddable":true,"href":"https:\/\/akumatik.com.tr\/index.php?rest_route=%2Fwp%2Fv2%2Fproduct_brand&post=132"},{"taxonomy":"product_cat","embeddable":true,"href":"https:\/\/akumatik.com.tr\/index.php?rest_route=%2Fwp%2Fv2%2Fproduct_cat&post=132"},{"taxonomy":"product_tag","embeddable":true,"href":"https:\/\/akumatik.com.tr\/index.php?rest_route=%2Fwp%2Fv2%2Fproduct_tag&post=132"}],"curies":[{"name":"wp","href":"https:\/\/api.w.org\/{rel}","templated":true}]}}