{"id":133,"date":"2025-10-17T16:26:22","date_gmt":"2025-10-17T13:26:22","guid":{"rendered":"https:\/\/akumatik.com.tr\/?product=varta-12v-70ah-efb-start-stop-sag"},"modified":"2025-11-08T22:48:56","modified_gmt":"2025-11-08T19:48:56","slug":"varta-12v-70ah-efb-start-stop-sag","status":"publish","type":"product","link":"https:\/\/akumatik.com.tr\/?product=varta-12v-70ah-efb-start-stop-sag","title":{"rendered":"Varta 12V 70Ah EFB Start-Stop Sa\u011f (+)"},"content":{"rendered":"<p>Yo\u011fun \u015fehir i\u00e7i kullan\u0131m\u0131nda bile Start-Stop sisteminin g\u00fcvenilir \u00e7al\u0131\u015fmas\u0131n\u0131 sa\u011flar. Y\u00fcksek \u015farj kabul\u00fc ve uzun \u00e7evrim \u00f6mr\u00fcne sahiptir.<\/p>\n","protected":false},"excerpt":{"rendered":"<p>Y\u00fcksek donan\u0131ml\u0131 Start-Stop ara\u00e7lar i\u00e7in EFB teknolojisi. Sa\u011f (+) kutup.<\/p>\n","protected":false},"featured_media":309,"comment_status":"open","ping_status":"closed","template":"","meta":[],"product_brand":[170],"product_cat":[97],"product_tag":[],"class_list":{"0":"post-133","1":"product","2":"type-product","3":"status-publish","4":"has-post-thumbnail","6":"product_brand-varta","7":"product_cat-start-stop-akuleri-agm","9":"first","10":"instock","11":"shipping-taxable","12":"product-type-simple"},"jetpack_sharing_enabled":true,"_links":{"self":[{"href":"https:\/\/akumatik.com.tr\/index.php?rest_route=\/wp\/v2\/product\/133","targetHints":{"allow":["GET"]}}],"collection":[{"href":"https:\/\/akumatik.com.tr\/index.php?rest_route=\/wp\/v2\/product"}],"about":[{"href":"https:\/\/akumatik.com.tr\/index.php?rest_route=\/wp\/v2\/types\/product"}],"replies":[{"embeddable":true,"href":"https:\/\/akumatik.com.tr\/index.php?rest_route=%2Fwp%2Fv2%2Fcomments&post=133"}],"wp:featuredmedia":[{"embeddable":true,"href":"https:\/\/akumatik.com.tr\/index.php?rest_route=\/wp\/v2\/media\/309"}],"wp:attachment":[{"href":"https:\/\/akumatik.com.tr\/index.php?rest_route=%2Fwp%2Fv2%2Fmedia&parent=133"}],"wp:term":[{"taxonomy":"product_brand","embeddable":true,"href":"https:\/\/akumatik.com.tr\/index.php?rest_route=%2Fwp%2Fv2%2Fproduct_brand&post=133"},{"taxonomy":"product_cat","embeddable":true,"href":"https:\/\/akumatik.com.tr\/index.php?rest_route=%2Fwp%2Fv2%2Fproduct_cat&post=133"},{"taxonomy":"product_tag","embeddable":true,"href":"https:\/\/akumatik.com.tr\/index.php?rest_route=%2Fwp%2Fv2%2Fproduct_tag&post=133"}],"curies":[{"name":"wp","href":"https:\/\/api.w.org\/{rel}","templated":true}]}}