{"id":134,"date":"2025-10-17T16:27:15","date_gmt":"2025-10-17T13:27:15","guid":{"rendered":"https:\/\/akumatik.com.tr\/?product=varta-12v-70ah-silver-dynamic-agm-start-stop-sag"},"modified":"2025-11-08T20:59:33","modified_gmt":"2025-11-08T17:59:33","slug":"varta-12v-70ah-silver-dynamic-agm-start-stop-sag","status":"publish","type":"product","link":"https:\/\/akumatik.com.tr\/?product=varta-12v-70ah-silver-dynamic-agm-start-stop-sag","title":{"rendered":"Varta 12V 70Ah Silver Dynamic AGM Start-Stop Sa\u011f (+)"},"content":{"rendered":"<p>Geli\u015fmi\u015f AGM (Absorbent Glass Mat) teknolojisi, en y\u00fcksek enerji taleplerini bile kar\u015f\u0131lar. Standart ak\u00fclere g\u00f6re \u00fc\u00e7 kat daha fazla \u00e7evrim \u00f6mr\u00fcne sahiptir. S\u0131zd\u0131rmaz ve g\u00fcvenlidir.<\/p>\n","protected":false},"excerpt":{"rendered":"<p>Rejeneratif frenlemeli, premium Start-Stop ara\u00e7lar i\u00e7in AGM. Sa\u011f (+) kutup.<\/p>\n","protected":false},"featured_media":309,"comment_status":"open","ping_status":"closed","template":"","meta":[],"product_brand":[170],"product_cat":[97],"product_tag":[],"class_list":{"0":"post-134","1":"product","2":"type-product","3":"status-publish","4":"has-post-thumbnail","6":"product_brand-varta","7":"product_cat-start-stop-akuleri-agm","9":"first","10":"instock","11":"shipping-taxable","12":"product-type-simple"},"jetpack_sharing_enabled":true,"_links":{"self":[{"href":"https:\/\/akumatik.com.tr\/index.php?rest_route=\/wp\/v2\/product\/134","targetHints":{"allow":["GET"]}}],"collection":[{"href":"https:\/\/akumatik.com.tr\/index.php?rest_route=\/wp\/v2\/product"}],"about":[{"href":"https:\/\/akumatik.com.tr\/index.php?rest_route=\/wp\/v2\/types\/product"}],"replies":[{"embeddable":true,"href":"https:\/\/akumatik.com.tr\/index.php?rest_route=%2Fwp%2Fv2%2Fcomments&post=134"}],"wp:featuredmedia":[{"embeddable":true,"href":"https:\/\/akumatik.com.tr\/index.php?rest_route=\/wp\/v2\/media\/309"}],"wp:attachment":[{"href":"https:\/\/akumatik.com.tr\/index.php?rest_route=%2Fwp%2Fv2%2Fmedia&parent=134"}],"wp:term":[{"taxonomy":"product_brand","embeddable":true,"href":"https:\/\/akumatik.com.tr\/index.php?rest_route=%2Fwp%2Fv2%2Fproduct_brand&post=134"},{"taxonomy":"product_cat","embeddable":true,"href":"https:\/\/akumatik.com.tr\/index.php?rest_route=%2Fwp%2Fv2%2Fproduct_cat&post=134"},{"taxonomy":"product_tag","embeddable":true,"href":"https:\/\/akumatik.com.tr\/index.php?rest_route=%2Fwp%2Fv2%2Fproduct_tag&post=134"}],"curies":[{"name":"wp","href":"https:\/\/api.w.org\/{rel}","templated":true}]}}