{"id":135,"date":"2025-10-17T16:28:20","date_gmt":"2025-10-17T13:28:20","guid":{"rendered":"https:\/\/akumatik.com.tr\/?product=varta-12v-80ah-silver-dynamic-agm-start-stop-sag"},"modified":"2025-11-08T19:03:39","modified_gmt":"2025-11-08T16:03:39","slug":"varta-12v-80ah-silver-dynamic-agm-start-stop-sag","status":"publish","type":"product","link":"https:\/\/akumatik.com.tr\/?product=varta-12v-80ah-silver-dynamic-agm-start-stop-sag","title":{"rendered":"Varta 12V 80Ah Silver Dynamic AGM Start-Stop Sa\u011f (+)"},"content":{"rendered":"<p>En zorlu ko\u015fullarda bile maksimum mar\u015f g\u00fcc\u00fc ve g\u00fcvenilirlik sunan AGM teknolojisi. Rejeneratif frenleme sistemleriyle tam uyumludur.<\/p>\n","protected":false},"excerpt":{"rendered":"<p>\u00dcst segment ve SUV Start-Stop ara\u00e7lar i\u00e7in AGM teknolojisi. Sa\u011f (+) kutup.<\/p>\n","protected":false},"featured_media":305,"comment_status":"open","ping_status":"closed","template":"","meta":[],"product_brand":[170],"product_cat":[97],"product_tag":[],"class_list":{"0":"post-135","1":"product","2":"type-product","3":"status-publish","4":"has-post-thumbnail","6":"product_brand-varta","7":"product_cat-start-stop-akuleri-agm","9":"first","10":"instock","11":"shipping-taxable","12":"product-type-simple"},"jetpack_sharing_enabled":true,"_links":{"self":[{"href":"https:\/\/akumatik.com.tr\/index.php?rest_route=\/wp\/v2\/product\/135","targetHints":{"allow":["GET"]}}],"collection":[{"href":"https:\/\/akumatik.com.tr\/index.php?rest_route=\/wp\/v2\/product"}],"about":[{"href":"https:\/\/akumatik.com.tr\/index.php?rest_route=\/wp\/v2\/types\/product"}],"replies":[{"embeddable":true,"href":"https:\/\/akumatik.com.tr\/index.php?rest_route=%2Fwp%2Fv2%2Fcomments&post=135"}],"wp:featuredmedia":[{"embeddable":true,"href":"https:\/\/akumatik.com.tr\/index.php?rest_route=\/wp\/v2\/media\/305"}],"wp:attachment":[{"href":"https:\/\/akumatik.com.tr\/index.php?rest_route=%2Fwp%2Fv2%2Fmedia&parent=135"}],"wp:term":[{"taxonomy":"product_brand","embeddable":true,"href":"https:\/\/akumatik.com.tr\/index.php?rest_route=%2Fwp%2Fv2%2Fproduct_brand&post=135"},{"taxonomy":"product_cat","embeddable":true,"href":"https:\/\/akumatik.com.tr\/index.php?rest_route=%2Fwp%2Fv2%2Fproduct_cat&post=135"},{"taxonomy":"product_tag","embeddable":true,"href":"https:\/\/akumatik.com.tr\/index.php?rest_route=%2Fwp%2Fv2%2Fproduct_tag&post=135"}],"curies":[{"name":"wp","href":"https:\/\/api.w.org\/{rel}","templated":true}]}}