{"id":136,"date":"2025-10-17T16:29:07","date_gmt":"2025-10-17T13:29:07","guid":{"rendered":"https:\/\/akumatik.com.tr\/?product=varta-12v-95ah-silver-dynamic-agm-start-stop-sag"},"modified":"2025-11-08T13:57:50","modified_gmt":"2025-11-08T10:57:50","slug":"varta-12v-95ah-silver-dynamic-agm-start-stop-sag","status":"publish","type":"product","link":"https:\/\/akumatik.com.tr\/?product=varta-12v-95ah-silver-dynamic-agm-start-stop-sag","title":{"rendered":"Varta 12V 95Ah Silver Dynamic AGM Start-Stop Sa\u011f (+)"},"content":{"rendered":"<p>Maksimum enerji ihtiyac\u0131 olan l\u00fcks ve rejeneratif frenlemeli ara\u00e7lar i\u00e7in tasarlanm\u0131\u015f, en y\u00fcksek performansl\u0131 VRLA AGM ak\u00fc.<\/p>\n","protected":false},"excerpt":{"rendered":"<p>En \u00fcst segment l\u00fcks Start-Stop ara\u00e7lar i\u00e7in AGM. Sa\u011f (+) kutup.<\/p>\n","protected":false},"featured_media":312,"comment_status":"open","ping_status":"closed","template":"","meta":[],"product_brand":[170],"product_cat":[97],"product_tag":[],"class_list":{"0":"post-136","1":"product","2":"type-product","3":"status-publish","4":"has-post-thumbnail","6":"product_brand-varta","7":"product_cat-start-stop-akuleri-agm","9":"first","10":"instock","11":"shipping-taxable","12":"product-type-simple"},"jetpack_sharing_enabled":true,"_links":{"self":[{"href":"https:\/\/akumatik.com.tr\/index.php?rest_route=\/wp\/v2\/product\/136","targetHints":{"allow":["GET"]}}],"collection":[{"href":"https:\/\/akumatik.com.tr\/index.php?rest_route=\/wp\/v2\/product"}],"about":[{"href":"https:\/\/akumatik.com.tr\/index.php?rest_route=\/wp\/v2\/types\/product"}],"replies":[{"embeddable":true,"href":"https:\/\/akumatik.com.tr\/index.php?rest_route=%2Fwp%2Fv2%2Fcomments&post=136"}],"wp:featuredmedia":[{"embeddable":true,"href":"https:\/\/akumatik.com.tr\/index.php?rest_route=\/wp\/v2\/media\/312"}],"wp:attachment":[{"href":"https:\/\/akumatik.com.tr\/index.php?rest_route=%2Fwp%2Fv2%2Fmedia&parent=136"}],"wp:term":[{"taxonomy":"product_brand","embeddable":true,"href":"https:\/\/akumatik.com.tr\/index.php?rest_route=%2Fwp%2Fv2%2Fproduct_brand&post=136"},{"taxonomy":"product_cat","embeddable":true,"href":"https:\/\/akumatik.com.tr\/index.php?rest_route=%2Fwp%2Fv2%2Fproduct_cat&post=136"},{"taxonomy":"product_tag","embeddable":true,"href":"https:\/\/akumatik.com.tr\/index.php?rest_route=%2Fwp%2Fv2%2Fproduct_tag&post=136"}],"curies":[{"name":"wp","href":"https:\/\/api.w.org\/{rel}","templated":true}]}}