{"id":137,"date":"2025-10-17T16:29:51","date_gmt":"2025-10-17T13:29:51","guid":{"rendered":"https:\/\/akumatik.com.tr\/?product=varta-12v-70ah-black-dynamic-sag"},"modified":"2025-11-08T13:54:46","modified_gmt":"2025-11-08T10:54:46","slug":"varta-12v-70ah-black-dynamic-sag","status":"publish","type":"product","link":"https:\/\/akumatik.com.tr\/?product=varta-12v-70ah-black-dynamic-sag","title":{"rendered":"Varta 12V 70Ah Black Dynamic Sa\u011f (+)"},"content":{"rendered":"<p>Temel enerji ihtiya\u00e7lar\u0131 i\u00e7in g\u00fcvenilir ve kan\u0131tlanm\u0131\u015f bir performans sunar. PowerFrame\u00ae teknolojisi ile uzun \u00f6m\u00fcrl\u00fcd\u00fcr.<\/p>\n","protected":false},"excerpt":{"rendered":"<p>Daha eski model ve standart donan\u0131ml\u0131 ara\u00e7lar i\u00e7in ekonomik \u00e7\u00f6z\u00fcm. Sa\u011f (+) kutup.<\/p>\n","protected":false},"featured_media":309,"comment_status":"open","ping_status":"closed","template":"","meta":[],"product_brand":[170],"product_cat":[127],"product_tag":[],"class_list":{"0":"post-137","1":"product","2":"type-product","3":"status-publish","4":"has-post-thumbnail","6":"product_brand-varta","7":"product_cat-black-dynamic-serisi","9":"first","10":"instock","11":"shipping-taxable","12":"product-type-simple"},"jetpack_sharing_enabled":true,"_links":{"self":[{"href":"https:\/\/akumatik.com.tr\/index.php?rest_route=\/wp\/v2\/product\/137","targetHints":{"allow":["GET"]}}],"collection":[{"href":"https:\/\/akumatik.com.tr\/index.php?rest_route=\/wp\/v2\/product"}],"about":[{"href":"https:\/\/akumatik.com.tr\/index.php?rest_route=\/wp\/v2\/types\/product"}],"replies":[{"embeddable":true,"href":"https:\/\/akumatik.com.tr\/index.php?rest_route=%2Fwp%2Fv2%2Fcomments&post=137"}],"wp:featuredmedia":[{"embeddable":true,"href":"https:\/\/akumatik.com.tr\/index.php?rest_route=\/wp\/v2\/media\/309"}],"wp:attachment":[{"href":"https:\/\/akumatik.com.tr\/index.php?rest_route=%2Fwp%2Fv2%2Fmedia&parent=137"}],"wp:term":[{"taxonomy":"product_brand","embeddable":true,"href":"https:\/\/akumatik.com.tr\/index.php?rest_route=%2Fwp%2Fv2%2Fproduct_brand&post=137"},{"taxonomy":"product_cat","embeddable":true,"href":"https:\/\/akumatik.com.tr\/index.php?rest_route=%2Fwp%2Fv2%2Fproduct_cat&post=137"},{"taxonomy":"product_tag","embeddable":true,"href":"https:\/\/akumatik.com.tr\/index.php?rest_route=%2Fwp%2Fv2%2Fproduct_tag&post=137"}],"curies":[{"name":"wp","href":"https:\/\/api.w.org\/{rel}","templated":true}]}}