{"id":138,"date":"2025-10-17T16:30:48","date_gmt":"2025-10-17T13:30:48","guid":{"rendered":"https:\/\/akumatik.com.tr\/?product=varta-12v-140ah-promotive-heavy-duty"},"modified":"2025-11-08T13:52:37","modified_gmt":"2025-11-08T10:52:37","slug":"varta-12v-140ah-promotive-heavy-duty","status":"publish","type":"product","link":"https:\/\/akumatik.com.tr\/?product=varta-12v-140ah-promotive-heavy-duty","title":{"rendered":"Varta 12V 60Ah ProMotive Heavy Duty"},"content":{"rendered":"<p>A\u011f\u0131r hizmet tipi ara\u00e7lar\u0131n standart enerji ihtiya\u00e7lar\u0131 i\u00e7in g\u00fcvenilir mar\u015f g\u00fcc\u00fc ve uzun \u00f6m\u00fcr sunar. Titre\u015fime kar\u015f\u0131 dayan\u0131kl\u0131d\u0131r.<\/p>\n","protected":false},"excerpt":{"rendered":"<p>Kamyon, otob\u00fcs gibi standart a\u011f\u0131r vas\u0131ta ara\u00e7lar i\u00e7in ProMotive HD.<\/p>\n","protected":false},"featured_media":297,"comment_status":"open","ping_status":"closed","template":"","meta":[],"product_brand":[170],"product_cat":[28],"product_tag":[],"class_list":{"0":"post-138","1":"product","2":"type-product","3":"status-publish","4":"has-post-thumbnail","6":"product_brand-varta","7":"product_cat-agir-vasita-akuleri","9":"first","10":"instock","11":"shipping-taxable","12":"product-type-simple"},"jetpack_sharing_enabled":true,"_links":{"self":[{"href":"https:\/\/akumatik.com.tr\/index.php?rest_route=\/wp\/v2\/product\/138","targetHints":{"allow":["GET"]}}],"collection":[{"href":"https:\/\/akumatik.com.tr\/index.php?rest_route=\/wp\/v2\/product"}],"about":[{"href":"https:\/\/akumatik.com.tr\/index.php?rest_route=\/wp\/v2\/types\/product"}],"replies":[{"embeddable":true,"href":"https:\/\/akumatik.com.tr\/index.php?rest_route=%2Fwp%2Fv2%2Fcomments&post=138"}],"wp:featuredmedia":[{"embeddable":true,"href":"https:\/\/akumatik.com.tr\/index.php?rest_route=\/wp\/v2\/media\/297"}],"wp:attachment":[{"href":"https:\/\/akumatik.com.tr\/index.php?rest_route=%2Fwp%2Fv2%2Fmedia&parent=138"}],"wp:term":[{"taxonomy":"product_brand","embeddable":true,"href":"https:\/\/akumatik.com.tr\/index.php?rest_route=%2Fwp%2Fv2%2Fproduct_brand&post=138"},{"taxonomy":"product_cat","embeddable":true,"href":"https:\/\/akumatik.com.tr\/index.php?rest_route=%2Fwp%2Fv2%2Fproduct_cat&post=138"},{"taxonomy":"product_tag","embeddable":true,"href":"https:\/\/akumatik.com.tr\/index.php?rest_route=%2Fwp%2Fv2%2Fproduct_tag&post=138"}],"curies":[{"name":"wp","href":"https:\/\/api.w.org\/{rel}","templated":true}]}}