{"id":139,"date":"2025-10-17T16:31:58","date_gmt":"2025-10-17T13:31:58","guid":{"rendered":"https:\/\/akumatik.com.tr\/?product=varta-12v-180ah-promotive-super-heavy-duty"},"modified":"2025-11-08T13:30:12","modified_gmt":"2025-11-08T10:30:12","slug":"varta-12v-180ah-promotive-super-heavy-duty","status":"publish","type":"product","link":"https:\/\/akumatik.com.tr\/?product=varta-12v-180ah-promotive-super-heavy-duty","title":{"rendered":"Varta 12V 100Ah ProMotive Super Heavy Duty"},"content":{"rendered":"<p>S\u00fcper A\u011f\u0131r Hizmet (SHD) standartlar\u0131nda, en zorlu \u00e7al\u0131\u015fma ko\u015fullar\u0131 ve maksimum titre\u015fim i\u00e7in tasarlanm\u0131\u015ft\u0131r. Uzun \u00f6m\u00fcr ve y\u00fcksek mar\u015f g\u00fcc\u00fc sa\u011flar.<\/p>\n","protected":false},"excerpt":{"rendered":"<p>Yo\u011fun \u00e7al\u0131\u015fan t\u0131r ve in\u015faat makineleri i\u00e7in ProMotive SHD.<\/p>\n","protected":false},"featured_media":299,"comment_status":"open","ping_status":"closed","template":"","meta":[],"product_brand":[170],"product_cat":[28],"product_tag":[],"class_list":{"0":"post-139","1":"product","2":"type-product","3":"status-publish","4":"has-post-thumbnail","6":"product_brand-varta","7":"product_cat-agir-vasita-akuleri","9":"first","10":"instock","11":"shipping-taxable","12":"product-type-simple"},"jetpack_sharing_enabled":true,"_links":{"self":[{"href":"https:\/\/akumatik.com.tr\/index.php?rest_route=\/wp\/v2\/product\/139","targetHints":{"allow":["GET"]}}],"collection":[{"href":"https:\/\/akumatik.com.tr\/index.php?rest_route=\/wp\/v2\/product"}],"about":[{"href":"https:\/\/akumatik.com.tr\/index.php?rest_route=\/wp\/v2\/types\/product"}],"replies":[{"embeddable":true,"href":"https:\/\/akumatik.com.tr\/index.php?rest_route=%2Fwp%2Fv2%2Fcomments&post=139"}],"wp:featuredmedia":[{"embeddable":true,"href":"https:\/\/akumatik.com.tr\/index.php?rest_route=\/wp\/v2\/media\/299"}],"wp:attachment":[{"href":"https:\/\/akumatik.com.tr\/index.php?rest_route=%2Fwp%2Fv2%2Fmedia&parent=139"}],"wp:term":[{"taxonomy":"product_brand","embeddable":true,"href":"https:\/\/akumatik.com.tr\/index.php?rest_route=%2Fwp%2Fv2%2Fproduct_brand&post=139"},{"taxonomy":"product_cat","embeddable":true,"href":"https:\/\/akumatik.com.tr\/index.php?rest_route=%2Fwp%2Fv2%2Fproduct_cat&post=139"},{"taxonomy":"product_tag","embeddable":true,"href":"https:\/\/akumatik.com.tr\/index.php?rest_route=%2Fwp%2Fv2%2Fproduct_tag&post=139"}],"curies":[{"name":"wp","href":"https:\/\/api.w.org\/{rel}","templated":true}]}}