{"id":141,"date":"2025-10-17T16:35:47","date_gmt":"2025-10-17T13:35:47","guid":{"rendered":"https:\/\/akumatik.com.tr\/?product=varta-powersports-agm-ytx9-bs-12v-8ah"},"modified":"2025-11-08T13:35:54","modified_gmt":"2025-11-08T10:35:54","slug":"varta-powersports-agm-ytx9-bs-12v-8ah","status":"publish","type":"product","link":"https:\/\/akumatik.com.tr\/?product=varta-powersports-agm-ytx9-bs-12v-8ah","title":{"rendered":"Varta Powersports AGM YTX9-BS 12V 40Ah"},"content":{"rendered":"<p>S\u0131zd\u0131rmaz, titre\u015fime dayan\u0131kl\u0131 ve bak\u0131m gerektirmeyen AGM teknolojisi ile y\u00fcksek performansl\u0131 motosikletler i\u00e7in g\u00fcvenilir mar\u015f g\u00fcc\u00fc sa\u011flar.<\/p>\n","protected":false},"excerpt":{"rendered":"<p>Orta hacimli motosikletler i\u00e7in Powersports AGM teknolojisi.<\/p>\n","protected":false},"featured_media":315,"comment_status":"open","ping_status":"closed","template":"","meta":[],"product_brand":[170],"product_cat":[30],"product_tag":[],"class_list":{"0":"post-141","1":"product","2":"type-product","3":"status-publish","4":"has-post-thumbnail","6":"product_brand-varta","7":"product_cat-motosiklet-akuleri","9":"first","10":"instock","11":"shipping-taxable","12":"product-type-simple"},"jetpack_sharing_enabled":true,"_links":{"self":[{"href":"https:\/\/akumatik.com.tr\/index.php?rest_route=\/wp\/v2\/product\/141","targetHints":{"allow":["GET"]}}],"collection":[{"href":"https:\/\/akumatik.com.tr\/index.php?rest_route=\/wp\/v2\/product"}],"about":[{"href":"https:\/\/akumatik.com.tr\/index.php?rest_route=\/wp\/v2\/types\/product"}],"replies":[{"embeddable":true,"href":"https:\/\/akumatik.com.tr\/index.php?rest_route=%2Fwp%2Fv2%2Fcomments&post=141"}],"wp:featuredmedia":[{"embeddable":true,"href":"https:\/\/akumatik.com.tr\/index.php?rest_route=\/wp\/v2\/media\/315"}],"wp:attachment":[{"href":"https:\/\/akumatik.com.tr\/index.php?rest_route=%2Fwp%2Fv2%2Fmedia&parent=141"}],"wp:term":[{"taxonomy":"product_brand","embeddable":true,"href":"https:\/\/akumatik.com.tr\/index.php?rest_route=%2Fwp%2Fv2%2Fproduct_brand&post=141"},{"taxonomy":"product_cat","embeddable":true,"href":"https:\/\/akumatik.com.tr\/index.php?rest_route=%2Fwp%2Fv2%2Fproduct_cat&post=141"},{"taxonomy":"product_tag","embeddable":true,"href":"https:\/\/akumatik.com.tr\/index.php?rest_route=%2Fwp%2Fv2%2Fproduct_tag&post=141"}],"curies":[{"name":"wp","href":"https:\/\/api.w.org\/{rel}","templated":true}]}}