{"id":149,"date":"2025-10-17T16:42:45","date_gmt":"2025-10-17T13:42:45","guid":{"rendered":"https:\/\/akumatik.com.tr\/?product=erdil-aku-12v-60ah-standart-seri-sol-ters-kutup"},"modified":"2025-11-10T14:52:53","modified_gmt":"2025-11-10T11:52:53","slug":"erdil-aku-12v-60ah-standart-seri-sol-ters-kutup","status":"publish","type":"product","link":"https:\/\/akumatik.com.tr\/?product=erdil-aku-12v-60ah-standart-seri-sol-ters-kutup","title":{"rendered":"Erdil Ak\u00fc 12V 70Ah AGM 152 06 070 01"},"content":{"rendered":"<p>152 06 070 01<\/p>\n<table width=\"857\">\n<tbody>\n<tr>\n<td width=\"52\">id<\/td>\n<td width=\"89\">\u00dcr\u00fcn No<\/td>\n<td width=\"62\">BoxType<\/td>\n<td width=\"60\">Lid Type<\/td>\n<td width=\"34\">Volt<\/td>\n<td width=\"50\">Amper<\/td>\n<td width=\"53\">A-EN<\/td>\n<td width=\"58\">A-SAE<\/td>\n<td width=\"26\">l<\/td>\n<td width=\"29\">w<\/td>\n<td width=\"29\">h<\/td>\n<td width=\"50\">t. Type<\/td>\n<td width=\"72\">layout<\/td>\n<td width=\"96\">hold down<\/td>\n<td width=\"97\">type<\/td>\n<\/tr>\n<tr>\n<td>2<\/td>\n<td width=\"89\">152 06 070 01<\/td>\n<td width=\"62\">L3<\/td>\n<td width=\"60\">VRLA<\/td>\n<td>12<\/td>\n<td>70<\/td>\n<td>760<\/td>\n<td>800<\/td>\n<td>278<\/td>\n<td>175<\/td>\n<td>190<\/td>\n<td width=\"50\">STD<\/td>\n<td>0<\/td>\n<td width=\"96\">B13<\/td>\n<td>agm<\/td>\n<\/tr>\n<\/tbody>\n<\/table>\n","protected":false},"excerpt":{"rendered":"<p>Erdil Ak\u00fc 12V 70Ah AGM 152 06 070 01 AGM Otomotiv Ak\u00fcs\u00fc<\/p>\n","protected":false},"featured_media":187,"comment_status":"open","ping_status":"closed","template":"","meta":[],"product_brand":[169],"product_cat":[97],"product_tag":[],"class_list":{"0":"post-149","1":"product","2":"type-product","3":"status-publish","4":"has-post-thumbnail","6":"product_brand-erdil","7":"product_cat-start-stop-akuleri-agm","9":"first","10":"instock","11":"shipping-taxable","12":"product-type-simple"},"jetpack_sharing_enabled":true,"_links":{"self":[{"href":"https:\/\/akumatik.com.tr\/index.php?rest_route=\/wp\/v2\/product\/149","targetHints":{"allow":["GET"]}}],"collection":[{"href":"https:\/\/akumatik.com.tr\/index.php?rest_route=\/wp\/v2\/product"}],"about":[{"href":"https:\/\/akumatik.com.tr\/index.php?rest_route=\/wp\/v2\/types\/product"}],"replies":[{"embeddable":true,"href":"https:\/\/akumatik.com.tr\/index.php?rest_route=%2Fwp%2Fv2%2Fcomments&post=149"}],"wp:featuredmedia":[{"embeddable":true,"href":"https:\/\/akumatik.com.tr\/index.php?rest_route=\/wp\/v2\/media\/187"}],"wp:attachment":[{"href":"https:\/\/akumatik.com.tr\/index.php?rest_route=%2Fwp%2Fv2%2Fmedia&parent=149"}],"wp:term":[{"taxonomy":"product_brand","embeddable":true,"href":"https:\/\/akumatik.com.tr\/index.php?rest_route=%2Fwp%2Fv2%2Fproduct_brand&post=149"},{"taxonomy":"product_cat","embeddable":true,"href":"https:\/\/akumatik.com.tr\/index.php?rest_route=%2Fwp%2Fv2%2Fproduct_cat&post=149"},{"taxonomy":"product_tag","embeddable":true,"href":"https:\/\/akumatik.com.tr\/index.php?rest_route=%2Fwp%2Fv2%2Fproduct_tag&post=149"}],"curies":[{"name":"wp","href":"https:\/\/api.w.org\/{rel}","templated":true}]}}