{"id":154,"date":"2025-10-17T16:46:28","date_gmt":"2025-10-17T13:46:28","guid":{"rendered":"https:\/\/akumatik.com.tr\/?product=erdil-aku-12v-72ah-efb-start-stop-sag"},"modified":"2025-11-10T14:53:22","modified_gmt":"2025-11-10T11:53:22","slug":"erdil-aku-12v-72ah-efb-start-stop-sag","status":"publish","type":"product","link":"https:\/\/akumatik.com.tr\/?product=erdil-aku-12v-72ah-efb-start-stop-sag","title":{"rendered":"Erdil Ak\u00fc 12V 72Ah EFB Start-Stop Sa\u011f (+)"},"content":{"rendered":"<p>Yo\u011fun \u015fehir i\u00e7i kullan\u0131m\u0131nda bile Start-Stop sisteminin g\u00fcvenilir \u00e7al\u0131\u015fmas\u0131n\u0131 sa\u011flar. Y\u00fcksek \u015farj kabul\u00fc ve uzun \u00e7evrim \u00f6mr\u00fcne sahiptir.<\/p>\n<p>&nbsp;<\/p>\n<table width=\"954\">\n<tbody>\n<tr>\n<td width=\"52\">id<\/td>\n<td width=\"89\">\u00dcr\u00fcn No<\/td>\n<td width=\"62\">BoxType<\/td>\n<td width=\"60\">Lid Type<\/td>\n<td width=\"34\">Volt<\/td>\n<td width=\"50\">Amper<\/td>\n<td width=\"53\">A-EN<\/td>\n<td width=\"58\">A-SAE<\/td>\n<td width=\"26\">l<\/td>\n<td width=\"29\">w<\/td>\n<td width=\"29\">h<\/td>\n<td width=\"50\">t. Type<\/td>\n<td width=\"72\">layout<\/td>\n<td width=\"96\">hold down<\/td>\n<td width=\"97\">type<\/td>\n<td width=\"97\">marka<\/td>\n<\/tr>\n<tr>\n<td>7<\/td>\n<td width=\"89\">152 04 072 01<\/td>\n<td width=\"62\">D26<\/td>\n<td width=\"60\">SMF<\/td>\n<td>12<\/td>\n<td>72<\/td>\n<td>760<\/td>\n<td>800<\/td>\n<td>260<\/td>\n<td>173<\/td>\n<td>225<\/td>\n<td width=\"50\">STD<\/td>\n<td>0<\/td>\n<td width=\"96\">B01<\/td>\n<td>efb<\/td>\n<td>erdil<\/td>\n<\/tr>\n<\/tbody>\n<\/table>\n","protected":false},"excerpt":{"rendered":"<p>Y\u00fcksek donan\u0131ml\u0131 Start-Stop ara\u00e7lar i\u00e7in EFB teknolojisi. Sa\u011f (+) kutup.<\/p>\n","protected":false},"featured_media":182,"comment_status":"open","ping_status":"closed","template":"","meta":[],"product_brand":[169],"product_cat":[156],"product_tag":[],"class_list":{"0":"post-154","1":"product","2":"type-product","3":"status-publish","4":"has-post-thumbnail","6":"product_brand-erdil","7":"product_cat-start-stop-akuleri-efb","9":"first","10":"instock","11":"shipping-taxable","12":"product-type-simple"},"jetpack_sharing_enabled":true,"_links":{"self":[{"href":"https:\/\/akumatik.com.tr\/index.php?rest_route=\/wp\/v2\/product\/154","targetHints":{"allow":["GET"]}}],"collection":[{"href":"https:\/\/akumatik.com.tr\/index.php?rest_route=\/wp\/v2\/product"}],"about":[{"href":"https:\/\/akumatik.com.tr\/index.php?rest_route=\/wp\/v2\/types\/product"}],"replies":[{"embeddable":true,"href":"https:\/\/akumatik.com.tr\/index.php?rest_route=%2Fwp%2Fv2%2Fcomments&post=154"}],"wp:featuredmedia":[{"embeddable":true,"href":"https:\/\/akumatik.com.tr\/index.php?rest_route=\/wp\/v2\/media\/182"}],"wp:attachment":[{"href":"https:\/\/akumatik.com.tr\/index.php?rest_route=%2Fwp%2Fv2%2Fmedia&parent=154"}],"wp:term":[{"taxonomy":"product_brand","embeddable":true,"href":"https:\/\/akumatik.com.tr\/index.php?rest_route=%2Fwp%2Fv2%2Fproduct_brand&post=154"},{"taxonomy":"product_cat","embeddable":true,"href":"https:\/\/akumatik.com.tr\/index.php?rest_route=%2Fwp%2Fv2%2Fproduct_cat&post=154"},{"taxonomy":"product_tag","embeddable":true,"href":"https:\/\/akumatik.com.tr\/index.php?rest_route=%2Fwp%2Fv2%2Fproduct_tag&post=154"}],"curies":[{"name":"wp","href":"https:\/\/api.w.org\/{rel}","templated":true}]}}