{"id":81,"date":"2025-10-17T15:08:07","date_gmt":"2025-10-17T12:08:07","guid":{"rendered":"https:\/\/akumatik.com.tr\/?product=mutlu-aku-12v-42ah-390a-sfb-seri-1"},"modified":"2025-11-09T21:21:29","modified_gmt":"2025-11-09T18:21:29","slug":"mutlu-aku-12v-42ah-390a-sfb-seri-1","status":"publish","type":"product","link":"https:\/\/akumatik.com.tr\/?product=mutlu-aku-12v-42ah-390a-sfb-seri-1","title":{"rendered":"Mutlu Ak\u00fc 12V 42Ah 390A SFB Seri 1"},"content":{"rendered":"<p>Kompakt ara\u00e7lar i\u00e7in g\u00fcvenilir mar\u015f g\u00fcc\u00fc ve uzun \u00f6m\u00fcr sunar. Bak\u0131m gerektirmeyen kapal\u0131 kapak teknolojisine sahiptir.<\/p>\n","protected":false},"excerpt":{"rendered":"<p>K\u00fc\u00e7\u00fck hacimli benzinli binek ara\u00e7lar i\u00e7in SFB (Superior Flooded Battery) teknolojili ak\u00fc.<\/p>\n","protected":false},"featured_media":256,"comment_status":"open","ping_status":"closed","template":"","meta":[],"product_brand":[171],"product_cat":[25],"product_tag":[],"class_list":{"0":"post-81","1":"product","2":"type-product","3":"status-publish","4":"has-post-thumbnail","6":"product_brand-mutlu","7":"product_cat-sfb-standart-akuler","9":"first","10":"instock","11":"shipping-taxable","12":"product-type-simple"},"jetpack_sharing_enabled":true,"_links":{"self":[{"href":"https:\/\/akumatik.com.tr\/index.php?rest_route=\/wp\/v2\/product\/81","targetHints":{"allow":["GET"]}}],"collection":[{"href":"https:\/\/akumatik.com.tr\/index.php?rest_route=\/wp\/v2\/product"}],"about":[{"href":"https:\/\/akumatik.com.tr\/index.php?rest_route=\/wp\/v2\/types\/product"}],"replies":[{"embeddable":true,"href":"https:\/\/akumatik.com.tr\/index.php?rest_route=%2Fwp%2Fv2%2Fcomments&post=81"}],"wp:featuredmedia":[{"embeddable":true,"href":"https:\/\/akumatik.com.tr\/index.php?rest_route=\/wp\/v2\/media\/256"}],"wp:attachment":[{"href":"https:\/\/akumatik.com.tr\/index.php?rest_route=%2Fwp%2Fv2%2Fmedia&parent=81"}],"wp:term":[{"taxonomy":"product_brand","embeddable":true,"href":"https:\/\/akumatik.com.tr\/index.php?rest_route=%2Fwp%2Fv2%2Fproduct_brand&post=81"},{"taxonomy":"product_cat","embeddable":true,"href":"https:\/\/akumatik.com.tr\/index.php?rest_route=%2Fwp%2Fv2%2Fproduct_cat&post=81"},{"taxonomy":"product_tag","embeddable":true,"href":"https:\/\/akumatik.com.tr\/index.php?rest_route=%2Fwp%2Fv2%2Fproduct_tag&post=81"}],"curies":[{"name":"wp","href":"https:\/\/api.w.org\/{rel}","templated":true}]}}