{"id":82,"date":"2025-10-17T15:09:08","date_gmt":"2025-10-17T12:09:08","guid":{"rendered":"https:\/\/akumatik.com.tr\/?product=mutlu-aku-12v-55ah-460a-sfb-seri-2"},"modified":"2025-11-09T22:44:21","modified_gmt":"2025-11-09T19:44:21","slug":"mutlu-aku-12v-55ah-460a-sfb-seri-2","status":"publish","type":"product","link":"https:\/\/akumatik.com.tr\/?product=mutlu-aku-12v-55ah-460a-sfb-seri-2","title":{"rendered":"Mutlu Ak\u00fc 12V 55Ah 460A SFB Seri 2"},"content":{"rendered":"<p>Geli\u015ftirilmi\u015f i\u00e7 yap\u0131s\u0131 ile standart ak\u00fclere g\u00f6re daha y\u00fcksek performans ve \u00e7evrim \u00f6mr\u00fc sunar. G\u00fcvenilir ve ekonomiktir.<\/p>\n","protected":false},"excerpt":{"rendered":"<p>Orta hacimli benzinli binek ara\u00e7lar i\u00e7in yayg\u0131n olarak kullan\u0131lan SFB teknolojili ak\u00fc.<\/p>\n","protected":false},"featured_media":249,"comment_status":"open","ping_status":"closed","template":"","meta":[],"product_brand":[171],"product_cat":[25],"product_tag":[],"class_list":{"0":"post-82","1":"product","2":"type-product","3":"status-publish","4":"has-post-thumbnail","6":"product_brand-mutlu","7":"product_cat-sfb-standart-akuler","9":"first","10":"instock","11":"shipping-taxable","12":"product-type-simple"},"jetpack_sharing_enabled":true,"_links":{"self":[{"href":"https:\/\/akumatik.com.tr\/index.php?rest_route=\/wp\/v2\/product\/82","targetHints":{"allow":["GET"]}}],"collection":[{"href":"https:\/\/akumatik.com.tr\/index.php?rest_route=\/wp\/v2\/product"}],"about":[{"href":"https:\/\/akumatik.com.tr\/index.php?rest_route=\/wp\/v2\/types\/product"}],"replies":[{"embeddable":true,"href":"https:\/\/akumatik.com.tr\/index.php?rest_route=%2Fwp%2Fv2%2Fcomments&post=82"}],"wp:featuredmedia":[{"embeddable":true,"href":"https:\/\/akumatik.com.tr\/index.php?rest_route=\/wp\/v2\/media\/249"}],"wp:attachment":[{"href":"https:\/\/akumatik.com.tr\/index.php?rest_route=%2Fwp%2Fv2%2Fmedia&parent=82"}],"wp:term":[{"taxonomy":"product_brand","embeddable":true,"href":"https:\/\/akumatik.com.tr\/index.php?rest_route=%2Fwp%2Fv2%2Fproduct_brand&post=82"},{"taxonomy":"product_cat","embeddable":true,"href":"https:\/\/akumatik.com.tr\/index.php?rest_route=%2Fwp%2Fv2%2Fproduct_cat&post=82"},{"taxonomy":"product_tag","embeddable":true,"href":"https:\/\/akumatik.com.tr\/index.php?rest_route=%2Fwp%2Fv2%2Fproduct_tag&post=82"}],"curies":[{"name":"wp","href":"https:\/\/api.w.org\/{rel}","templated":true}]}}