{"id":84,"date":"2025-10-17T15:10:52","date_gmt":"2025-10-17T12:10:52","guid":{"rendered":"https:\/\/akumatik.com.tr\/?product=mutlu-aku-12v-72ah-680a-sfb-seri-3"},"modified":"2025-11-09T22:52:14","modified_gmt":"2025-11-09T19:52:14","slug":"mutlu-aku-12v-72ah-680a-sfb-seri-3","status":"publish","type":"product","link":"https:\/\/akumatik.com.tr\/?product=mutlu-aku-12v-72ah-680a-sfb-seri-3","title":{"rendered":"Mutlu Ak\u00fc 12V 72Ah 680A SFB Seri 3"},"content":{"rendered":"<p>Mutlu Ak\u00fc&#8217;n\u00fcn SFB Seri 3 teknolojisi, yo\u011fun enerji ihtiyac\u0131 olan ara\u00e7lar i\u00e7in \u00fcst\u00fcn mar\u015f g\u00fcc\u00fc ve dayan\u0131kl\u0131l\u0131k sa\u011flar. Bak\u0131m gerektirmeyen kapal\u0131 kapak sistemi ile g\u00fcvenli bir kullan\u0131m sunar.<\/p>\n","protected":false},"excerpt":{"rendered":"<p>Y\u00fcksek donan\u0131ml\u0131 ara\u00e7lar i\u00e7in geli\u015ftirilmi\u015f, SFB (Superior Flooded Battery) teknolojisine sahip, g\u00fc\u00e7l\u00fc ve performansl\u0131 ak\u00fc.<\/p>\n","protected":false},"featured_media":212,"comment_status":"open","ping_status":"closed","template":"","meta":[],"product_brand":[171],"product_cat":[25],"product_tag":[],"class_list":{"0":"post-84","1":"product","2":"type-product","3":"status-publish","4":"has-post-thumbnail","6":"product_brand-mutlu","7":"product_cat-sfb-standart-akuler","9":"first","10":"instock","11":"shipping-taxable","12":"product-type-simple"},"jetpack_sharing_enabled":true,"_links":{"self":[{"href":"https:\/\/akumatik.com.tr\/index.php?rest_route=\/wp\/v2\/product\/84","targetHints":{"allow":["GET"]}}],"collection":[{"href":"https:\/\/akumatik.com.tr\/index.php?rest_route=\/wp\/v2\/product"}],"about":[{"href":"https:\/\/akumatik.com.tr\/index.php?rest_route=\/wp\/v2\/types\/product"}],"replies":[{"embeddable":true,"href":"https:\/\/akumatik.com.tr\/index.php?rest_route=%2Fwp%2Fv2%2Fcomments&post=84"}],"wp:featuredmedia":[{"embeddable":true,"href":"https:\/\/akumatik.com.tr\/index.php?rest_route=\/wp\/v2\/media\/212"}],"wp:attachment":[{"href":"https:\/\/akumatik.com.tr\/index.php?rest_route=%2Fwp%2Fv2%2Fmedia&parent=84"}],"wp:term":[{"taxonomy":"product_brand","embeddable":true,"href":"https:\/\/akumatik.com.tr\/index.php?rest_route=%2Fwp%2Fv2%2Fproduct_brand&post=84"},{"taxonomy":"product_cat","embeddable":true,"href":"https:\/\/akumatik.com.tr\/index.php?rest_route=%2Fwp%2Fv2%2Fproduct_cat&post=84"},{"taxonomy":"product_tag","embeddable":true,"href":"https:\/\/akumatik.com.tr\/index.php?rest_route=%2Fwp%2Fv2%2Fproduct_tag&post=84"}],"curies":[{"name":"wp","href":"https:\/\/api.w.org\/{rel}","templated":true}]}}