{"id":85,"date":"2025-10-17T15:11:56","date_gmt":"2025-10-17T12:11:56","guid":{"rendered":"https:\/\/akumatik.com.tr\/?product=mutlu-aku-12v-100ah-850a-sfb-seri-3"},"modified":"2025-11-09T21:40:13","modified_gmt":"2025-11-09T18:40:13","slug":"mutlu-aku-12v-100ah-850a-sfb-seri-3","status":"publish","type":"product","link":"https:\/\/akumatik.com.tr\/?product=mutlu-aku-12v-100ah-850a-sfb-seri-3","title":{"rendered":"Mutlu Ak\u00fc 12V 100Ah 850A SFB Seri 3"},"content":{"rendered":"<p>Y\u00fcksek mar\u015f g\u00fcc\u00fc gerektiren b\u00fcy\u00fck motorlu ara\u00e7larda sorunsuz \u00e7al\u0131\u015fma performans\u0131 sunar. Titre\u015fime kar\u015f\u0131 g\u00fc\u00e7lendirilmi\u015f i\u00e7 yap\u0131s\u0131 sayesinde dayan\u0131kl\u0131l\u0131\u011f\u0131 art\u0131r\u0131lm\u0131\u015ft\u0131r.<\/p>\n","protected":false},"excerpt":{"rendered":"<p>Dizel motorlu SUV, minib\u00fcs ve panelvan tipi ara\u00e7lar i\u00e7in tasarlanm\u0131\u015f y\u00fcksek kapasiteli SFB ak\u00fc.<\/p>\n","protected":false},"featured_media":208,"comment_status":"open","ping_status":"closed","template":"","meta":[],"product_brand":[171],"product_cat":[25],"product_tag":[],"class_list":{"0":"post-85","1":"product","2":"type-product","3":"status-publish","4":"has-post-thumbnail","6":"product_brand-mutlu","7":"product_cat-sfb-standart-akuler","9":"first","10":"instock","11":"shipping-taxable","12":"product-type-simple"},"jetpack_sharing_enabled":true,"_links":{"self":[{"href":"https:\/\/akumatik.com.tr\/index.php?rest_route=\/wp\/v2\/product\/85","targetHints":{"allow":["GET"]}}],"collection":[{"href":"https:\/\/akumatik.com.tr\/index.php?rest_route=\/wp\/v2\/product"}],"about":[{"href":"https:\/\/akumatik.com.tr\/index.php?rest_route=\/wp\/v2\/types\/product"}],"replies":[{"embeddable":true,"href":"https:\/\/akumatik.com.tr\/index.php?rest_route=%2Fwp%2Fv2%2Fcomments&post=85"}],"wp:featuredmedia":[{"embeddable":true,"href":"https:\/\/akumatik.com.tr\/index.php?rest_route=\/wp\/v2\/media\/208"}],"wp:attachment":[{"href":"https:\/\/akumatik.com.tr\/index.php?rest_route=%2Fwp%2Fv2%2Fmedia&parent=85"}],"wp:term":[{"taxonomy":"product_brand","embeddable":true,"href":"https:\/\/akumatik.com.tr\/index.php?rest_route=%2Fwp%2Fv2%2Fproduct_brand&post=85"},{"taxonomy":"product_cat","embeddable":true,"href":"https:\/\/akumatik.com.tr\/index.php?rest_route=%2Fwp%2Fv2%2Fproduct_cat&post=85"},{"taxonomy":"product_tag","embeddable":true,"href":"https:\/\/akumatik.com.tr\/index.php?rest_route=%2Fwp%2Fv2%2Fproduct_tag&post=85"}],"curies":[{"name":"wp","href":"https:\/\/api.w.org\/{rel}","templated":true}]}}