{"id":89,"date":"2025-10-17T15:18:01","date_gmt":"2025-10-17T12:18:01","guid":{"rendered":"https:\/\/akumatik.com.tr\/?product=mutlu-aku-12v-80ah-800a-agm-start-stop"},"modified":"2025-11-09T20:49:31","modified_gmt":"2025-11-09T17:49:31","slug":"mutlu-aku-12v-80ah-800a-agm-start-stop","status":"publish","type":"product","link":"https:\/\/akumatik.com.tr\/?product=mutlu-aku-12v-80ah-800a-agm-start-stop","title":{"rendered":"Mutlu Ak\u00fc 12V 80Ah 800A AGM Start-Stop"},"content":{"rendered":"<p>AGM teknolojisi, elektroliti cam elyaf seperat\u00f6rlere emdirerek s\u0131zd\u0131rmaz ve en y\u00fcksek performans\u0131 sunar. \u00c7ok y\u00fcksek \u00e7evrim \u00f6mr\u00fc ve mar\u015f g\u00fcc\u00fc ile en zorlu ko\u015fullarda bile \u00fcst\u00fcn performans sa\u011flar.<\/p>\n","protected":false},"excerpt":{"rendered":"<p>Y\u00fcksek enerji gereksinimli ve rejeneratif frenleme sistemli Start-Stop ara\u00e7lar i\u00e7in AGM (Absorbent Glass Mat) teknolojili ak\u00fc.<\/p>\n","protected":false},"featured_media":224,"comment_status":"open","ping_status":"closed","template":"","meta":[],"product_brand":[171],"product_cat":[21],"product_tag":[],"class_list":{"0":"post-89","1":"product","2":"type-product","3":"status-publish","4":"has-post-thumbnail","6":"product_brand-mutlu","7":"product_cat-genel","9":"first","10":"instock","11":"shipping-taxable","12":"product-type-simple"},"jetpack_sharing_enabled":true,"_links":{"self":[{"href":"https:\/\/akumatik.com.tr\/index.php?rest_route=\/wp\/v2\/product\/89","targetHints":{"allow":["GET"]}}],"collection":[{"href":"https:\/\/akumatik.com.tr\/index.php?rest_route=\/wp\/v2\/product"}],"about":[{"href":"https:\/\/akumatik.com.tr\/index.php?rest_route=\/wp\/v2\/types\/product"}],"replies":[{"embeddable":true,"href":"https:\/\/akumatik.com.tr\/index.php?rest_route=%2Fwp%2Fv2%2Fcomments&post=89"}],"wp:featuredmedia":[{"embeddable":true,"href":"https:\/\/akumatik.com.tr\/index.php?rest_route=\/wp\/v2\/media\/224"}],"wp:attachment":[{"href":"https:\/\/akumatik.com.tr\/index.php?rest_route=%2Fwp%2Fv2%2Fmedia&parent=89"}],"wp:term":[{"taxonomy":"product_brand","embeddable":true,"href":"https:\/\/akumatik.com.tr\/index.php?rest_route=%2Fwp%2Fv2%2Fproduct_brand&post=89"},{"taxonomy":"product_cat","embeddable":true,"href":"https:\/\/akumatik.com.tr\/index.php?rest_route=%2Fwp%2Fv2%2Fproduct_cat&post=89"},{"taxonomy":"product_tag","embeddable":true,"href":"https:\/\/akumatik.com.tr\/index.php?rest_route=%2Fwp%2Fv2%2Fproduct_tag&post=89"}],"curies":[{"name":"wp","href":"https:\/\/api.w.org\/{rel}","templated":true}]}}