{"id":97,"date":"2025-10-17T15:28:03","date_gmt":"2025-10-17T12:28:03","guid":{"rendered":"https:\/\/akumatik.com.tr\/?product=mutlu-12v-100ah-vrla-gel-stasyoner-aku"},"modified":"2025-11-02T19:59:07","modified_gmt":"2025-11-02T16:59:07","slug":"mutlu-12v-100ah-vrla-gel-stasyoner-aku","status":"publish","type":"product","link":"https:\/\/akumatik.com.tr\/?product=mutlu-12v-100ah-vrla-gel-stasyoner-aku","title":{"rendered":"mutlu_B20.42.035.H"},"content":{"rendered":"<p>4 mutlu_B20.42.035.H<\/p>\n<div class=\"modal-content\">\n<div class=\"modal-title\">42Ah B20 (NS40)<\/div>\n<p><span class=\"modal-subtitle\">Mutlu Kodu<\/span><span class=\"modal-subtitle\">B20.42.035.H<\/span><\/p>\n<div class=\"modal-product-detail\">\n<div class=\"product-information\">\n<div class=\"col\">\n<div class=\"item\">\n<div class=\"title\">Kapasite (Ah)<\/div>\n<div class=\"content\">42<\/div>\n<\/div>\n<div class=\"item\">\n<div class=\"title\">CCA EN (A)<\/div>\n<div class=\"content\">350<\/div>\n<\/div>\n<div class=\"item\">\n<div class=\"title\">CCA SAE (A)<\/div>\n<div class=\"content\">390<\/div>\n<\/div>\n<div class=\"item\">\n<div class=\"title\">Montaj \u015eekli<\/div>\n<div class=\"content\">1<\/div>\n<\/div>\n<div class=\"item\">\n<div class=\"title\">Kutuplar<\/div>\n<div class=\"content\">3<\/div>\n<\/div>\n<div class=\"item\">\n<div class=\"title\">Alt Ba\u011flant\u0131<\/div>\n<div class=\"content\">B01<\/div>\n<\/div>\n<\/div>\n<div class=\"col\">\n<div class=\"item\">\n<div class=\"title\">Voltaj (V)<\/div>\n<div class=\"content\">12<\/div>\n<\/div>\n<div class=\"item\">\n<div class=\"title\">Kutu<\/div>\n<div class=\"content\">B20 (NS40)<\/div>\n<\/div>\n<div class=\"item\">\n<div class=\"title\">Uzunluk (mm)<\/div>\n<div class=\"content\">196<\/div>\n<\/div>\n<div class=\"item\">\n<div class=\"title\">Geni\u015flik (mm)<\/div>\n<div class=\"content\">134<\/div>\n<\/div>\n<div class=\"item\">\n<div class=\"title\">Y\u00fckseklik (mm)<\/div>\n<div class=\"content\">222<\/div>\n<\/div>\n<div class=\"item\">\n<div class=\"title\">A\u011f\u0131rl\u0131k (kg)<\/div>\n<div class=\"content\">10.3<\/div>\n<\/div>\n<\/div>\n<\/div>\n<\/div>\n<\/div>\n","protected":false},"excerpt":{"rendered":"<p>Kesintisiz G\u00fc\u00e7 Kayna\u011f\u0131 (UPS), Telekom, Yenilenebilir Enerji Sistemleri i\u00e7in tasarlanm\u0131\u015f VRLA JEL Stasyoner Ak\u00fc.<\/p>\n","protected":false},"featured_media":255,"comment_status":"open","ping_status":"closed","template":"","meta":[],"product_brand":[171],"product_cat":[25],"product_tag":[],"class_list":{"0":"post-97","1":"product","2":"type-product","3":"status-publish","4":"has-post-thumbnail","6":"product_brand-mutlu","7":"product_cat-sfb-standart-akuler","9":"first","10":"instock","11":"shipping-taxable","12":"product-type-simple"},"jetpack_sharing_enabled":true,"_links":{"self":[{"href":"https:\/\/akumatik.com.tr\/index.php?rest_route=\/wp\/v2\/product\/97","targetHints":{"allow":["GET"]}}],"collection":[{"href":"https:\/\/akumatik.com.tr\/index.php?rest_route=\/wp\/v2\/product"}],"about":[{"href":"https:\/\/akumatik.com.tr\/index.php?rest_route=\/wp\/v2\/types\/product"}],"replies":[{"embeddable":true,"href":"https:\/\/akumatik.com.tr\/index.php?rest_route=%2Fwp%2Fv2%2Fcomments&post=97"}],"wp:featuredmedia":[{"embeddable":true,"href":"https:\/\/akumatik.com.tr\/index.php?rest_route=\/wp\/v2\/media\/255"}],"wp:attachment":[{"href":"https:\/\/akumatik.com.tr\/index.php?rest_route=%2Fwp%2Fv2%2Fmedia&parent=97"}],"wp:term":[{"taxonomy":"product_brand","embeddable":true,"href":"https:\/\/akumatik.com.tr\/index.php?rest_route=%2Fwp%2Fv2%2Fproduct_brand&post=97"},{"taxonomy":"product_cat","embeddable":true,"href":"https:\/\/akumatik.com.tr\/index.php?rest_route=%2Fwp%2Fv2%2Fproduct_cat&post=97"},{"taxonomy":"product_tag","embeddable":true,"href":"https:\/\/akumatik.com.tr\/index.php?rest_route=%2Fwp%2Fv2%2Fproduct_tag&post=97"}],"curies":[{"name":"wp","href":"https:\/\/api.w.org\/{rel}","templated":true}]}}