{"id":99,"date":"2025-10-17T15:30:34","date_gmt":"2025-10-17T12:30:34","guid":{"rendered":"https:\/\/akumatik.com.tr\/?product=mutlu-2v-250ah-pzs-traksiyoner-aku-hucresi"},"modified":"2025-11-02T20:00:54","modified_gmt":"2025-11-02T17:00:54","slug":"mutlu_b20-42-035-f","status":"publish","type":"product","link":"https:\/\/akumatik.com.tr\/?product=mutlu_b20-42-035-f","title":{"rendered":"mutlu_B20.42.035.F"},"content":{"rendered":"<p>2 Bu h\u00fccreler birle\u015ftirilerek istenen voltaj ve kapasitede (\u00f6rn: 24V, 48V, 80V) forklift ak\u00fc bataryalar\u0131 olu\u015fturulur. Y\u00fcksek \u00e7evrim \u00f6mr\u00fc ve a\u011f\u0131r hizmete dayan\u0131kl\u0131l\u0131k i\u00e7in tasarlanm\u0131\u015ft\u0131r.<\/p>\n<p>&nbsp;<\/p>\n<div class=\"col\">\n<div class=\"item\">\n<div class=\"title\">Kapasite (Ah)<\/div>\n<div class=\"content\">42<\/div>\n<\/div>\n<div class=\"item\">\n<div class=\"title\">CCA EN (A)<\/div>\n<div class=\"content\">350<\/div>\n<\/div>\n<div class=\"item\">\n<div class=\"title\">CCA SAE (A)<\/div>\n<div class=\"content\">390<\/div>\n<\/div>\n<div class=\"item\">\n<div class=\"title\">Montaj \u015eekli<\/div>\n<div class=\"content\">1<\/div>\n<\/div>\n<div class=\"item\">\n<div class=\"title\">Kutuplar<\/div>\n<div class=\"content\">3<\/div>\n<\/div>\n<div class=\"item\">\n<div class=\"title\">Alt Ba\u011flant\u0131<\/div>\n<div class=\"content\">B00<\/div>\n<\/div>\n<\/div>\n<div class=\"col\">\n<div class=\"item\">\n<div class=\"title\">Voltaj (V)<\/div>\n<div class=\"content\">12<\/div>\n<\/div>\n<div class=\"item\">\n<div class=\"title\">Kutu<\/div>\n<div class=\"content\">B20 (NS40)<\/div>\n<\/div>\n<div class=\"item\">\n<div class=\"title\">Uzunluk (mm)<\/div>\n<div class=\"content\">196<\/div>\n<\/div>\n<div class=\"item\">\n<div class=\"title\">Geni\u015flik (mm)<\/div>\n<div class=\"content\">134<\/div>\n<\/div>\n<div class=\"item\">\n<div class=\"title\">Y\u00fckseklik (mm)<\/div>\n<div class=\"content\">222<\/div>\n<\/div>\n<div class=\"item\">\n<div class=\"title\">A\u011f\u0131rl\u0131k (kg)<\/div>\n<div class=\"content\">10.3<\/div>\n<\/div>\n<\/div>\n","protected":false},"excerpt":{"rendered":"<p>Forklift, transpalet ve di\u011fer elektrikli end\u00fcstriyel ara\u00e7lar i\u00e7in tasarlanm\u0131\u015f PzS tipi traksiyoner ak\u00fc h\u00fccresi.<\/p>\n","protected":false},"featured_media":257,"comment_status":"open","ping_status":"closed","template":"","meta":[],"product_brand":[171],"product_cat":[25],"product_tag":[],"class_list":{"0":"post-99","1":"product","2":"type-product","3":"status-publish","4":"has-post-thumbnail","6":"product_brand-mutlu","7":"product_cat-sfb-standart-akuler","9":"first","10":"instock","11":"shipping-taxable","12":"product-type-simple"},"jetpack_sharing_enabled":true,"_links":{"self":[{"href":"https:\/\/akumatik.com.tr\/index.php?rest_route=\/wp\/v2\/product\/99","targetHints":{"allow":["GET"]}}],"collection":[{"href":"https:\/\/akumatik.com.tr\/index.php?rest_route=\/wp\/v2\/product"}],"about":[{"href":"https:\/\/akumatik.com.tr\/index.php?rest_route=\/wp\/v2\/types\/product"}],"replies":[{"embeddable":true,"href":"https:\/\/akumatik.com.tr\/index.php?rest_route=%2Fwp%2Fv2%2Fcomments&post=99"}],"wp:featuredmedia":[{"embeddable":true,"href":"https:\/\/akumatik.com.tr\/index.php?rest_route=\/wp\/v2\/media\/257"}],"wp:attachment":[{"href":"https:\/\/akumatik.com.tr\/index.php?rest_route=%2Fwp%2Fv2%2Fmedia&parent=99"}],"wp:term":[{"taxonomy":"product_brand","embeddable":true,"href":"https:\/\/akumatik.com.tr\/index.php?rest_route=%2Fwp%2Fv2%2Fproduct_brand&post=99"},{"taxonomy":"product_cat","embeddable":true,"href":"https:\/\/akumatik.com.tr\/index.php?rest_route=%2Fwp%2Fv2%2Fproduct_cat&post=99"},{"taxonomy":"product_tag","embeddable":true,"href":"https:\/\/akumatik.com.tr\/index.php?rest_route=%2Fwp%2Fv2%2Fproduct_tag&post=99"}],"curies":[{"name":"wp","href":"https:\/\/api.w.org\/{rel}","templated":true}]}}